{"id":9449,"date":"2024-04-12T10:39:40","date_gmt":"2024-04-12T08:39:40","guid":{"rendered":"https:\/\/www.hotellebalze.it\/hotels\/"},"modified":"2026-02-17T15:57:43","modified_gmt":"2026-02-17T14:57:43","slug":"hotels","status":"publish","type":"page","link":"https:\/\/www.hotellebalze.it\/de\/hotels\/","title":{"rendered":"Hotels"},"content":{"rendered":"<div  class=\"grids-section grids-is-advanced alignwide\" style=\"--_gs-gap-desktop:0px 0px;--_gs-m-desktop:0px 0 0px 0;--_gs-p-desktop:0 0 0 0;--_gs-bg-desktop:transparent none;--_gs-bg-xp-desktop:0px;--_gs-zi-desktop:1;--_gs-d-desktop:block;--_gs-mw-desktop:calc(100% - 0 - 0);--_gs-gap-tablet:0px 0px;--_gs-m-tablet:0px 0 0px 0;--_gs-p-tablet:0 0 0 0;--_gs-bg-tablet:transparent none;--_gs-bg-xp-tablet:0px;--_gs-zi-tablet:1;--_gs-d-tablet:block;--_gs-mw-tablet:calc(100% - 0 - 0);--_gs-gap-mobile:0px 0px;--_gs-m-mobile:0px 0 0px 0;--_gs-p-mobile:0 0 0 0;--_gs-bg-mobile:#ffffff none;--_gs-bg-xp-mobile:0px;--_gs-zi-mobile:1;--_gs-d-mobile:block;--_gs-mw-mobile:calc(100% - 0 - 0);--_gs-columns:12;--_gs-rows:6\"><div class=\"grids-s-w_i\">\n<div class=\"grids-area\" style=\"--_ga-column:1\/7;--_ga-row:1\/2;--_ga-m-desktop:0 15px 0 0;--_ga-p-desktop:0 60px 0 0;--_ga-bg-desktop:transparent none;--_ga-zi-desktop:auto;--_ga-d-desktop:flex;--_ga-mw-desktop:calc(100% - 0 - 15px);--_ga-m-tablet:0 15px 0 0;--_ga-p-tablet:20px 20px 20px 20px;--_ga-bg-tablet:transparent none;--_ga-zi-tablet:auto;--_ga-d-tablet:flex;--_ga-mw-tablet:calc(100% - 0 - 15px);--_ga-m-mobile:0 15px 0 0;--_ga-p-mobile:20px 20px 20px 20px;--_ga-bg-mobile:transparent none;--_ga-zi-mobile:auto;--_ga-d-mobile:flex;--_ga-mw-mobile:calc(100% - 0 - 15px)\">\n\n<h1 class=\"wp-block-heading\"><strong>Willkommen im Hotel Le Balze \u2013 Aktiv &amp; Wellness<\/strong><\/h1>\n\n\n\n<p>Das Hotel Le Balze Aktiv &amp; Wellness ist ein 4-Stern-Hotel mitten im gr\u00fcnen Naturpark Alto Garda Bresciano, mit einem atemberaubenden Panoramablick auf den Gardasee. An diesem zauberhaften Ort finden Sie Ruhe und Frieden und k\u00f6nnen zahlreiche Outdoor-Aktivit\u00e4ten mit der Familie oder mit Freunden aus\u00fcben. Im modernen Sport Center des Hotels k\u00f6nnen Sie zwischen verschiedensten Sportarten w\u00e4hlen: von Trekking bis Tennis (mit sage und schreibe 11 Pl\u00e4tzen!), vom Mountainbiken zum Canyoning. Das neue Wellness Center mit dem gro\u00dfen Indoor-Pool ist ideal, um wieder in Form zu kommen und sich mit Massagen und Beauty-Behandlungen verw\u00f6hnen zu lassen.<\/p>\n\n<\/div>\n\n<div class=\"grids-area\" style=\"--_ga-column:7\/13;--_ga-row:1\/2;--_ga-va:center;--_ga-m-desktop:0 0 0 0;--_ga-p-desktop:0 0 0 0;--_ga-bg-desktop:transparent none;--_ga-zi-desktop:auto;--_ga-d-desktop:flex;--_ga-mw-desktop:calc(100% - 0 - 0);--_ga-m-tablet:0 0 0 0;--_ga-p-tablet:0 0 0 0;--_ga-bg-tablet:transparent none;--_ga-zi-tablet:auto;--_ga-d-tablet:flex;--_ga-mw-tablet:calc(100% - 0 - 0);--_ga-m-mobile:0 0 0 0;--_ga-p-mobile:0 0 0 0;--_ga-bg-mobile:transparent none;--_ga-zi-mobile:auto;--_ga-d-mobile:flex;--_ga-mw-mobile:calc(100% - 0 - 0)\">\n\n<figure class=\"wp-block-image size-large\"><img loading=\"lazy\" decoding=\"async\" width=\"1024\" height=\"683\" src=\"https:\/\/www.hotellebalze.it\/wp-content\/uploads\/2024\/03\/Paesaggio-lacustre-montano-1024x683.webp\" alt=\"Luftaufnahme einer Bergseelandschaft.\" class=\"wp-image-8933\" srcset=\"https:\/\/www.hotellebalze.it\/wp-content\/uploads\/2024\/03\/Paesaggio-lacustre-montano-1024x683.webp 1024w, https:\/\/www.hotellebalze.it\/wp-content\/uploads\/2024\/03\/Paesaggio-lacustre-montano-300x200.webp 300w, https:\/\/www.hotellebalze.it\/wp-content\/uploads\/2024\/03\/Paesaggio-lacustre-montano-768x512.webp 768w, https:\/\/www.hotellebalze.it\/wp-content\/uploads\/2024\/03\/Paesaggio-lacustre-montano-1536x1024.webp 1536w, https:\/\/www.hotellebalze.it\/wp-content\/uploads\/2024\/03\/Paesaggio-lacustre-montano-1200x800.webp 1200w, https:\/\/www.hotellebalze.it\/wp-content\/uploads\/2024\/03\/Paesaggio-lacustre-montano.webp 1620w\" sizes=\"auto, (max-width: 1024px) 100vw, 1024px\" \/><\/figure>\n\n<\/div>\n<\/div><\/div>\n\n<div  class=\"grids-section grids-is-advanced alignwide\" style=\"--_gs-gap-desktop:0px 0px;--_gs-m-desktop:0px 0 0px 0;--_gs-p-desktop:0 0 0 0;--_gs-bg-desktop:transparent none;--_gs-bg-xp-desktop:0px;--_gs-zi-desktop:1;--_gs-d-desktop:block;--_gs-mw-desktop:calc(100% - 0 - 0);--_gs-gap-tablet:0px 0px;--_gs-m-tablet:0px 0 0px 0;--_gs-p-tablet:0 0 0 0;--_gs-bg-tablet:transparent none;--_gs-bg-xp-tablet:0px;--_gs-zi-tablet:1;--_gs-d-tablet:block;--_gs-mw-tablet:calc(100% - 0 - 0);--_gs-gap-mobile:0px 0px;--_gs-m-mobile:0px 0 0px 0;--_gs-p-mobile:0 0 0 0;--_gs-bg-mobile:#ffffff none;--_gs-bg-xp-mobile:0px;--_gs-zi-mobile:1;--_gs-d-mobile:block;--_gs-mw-mobile:calc(100% - 0 - 0);--_gs-columns:12;--_gs-rows:6\"><div class=\"grids-s-w_i\">\n<div class=\"grids-area\" style=\"--_ga-column:7\/13;--_ga-row:1\/2;--_ga-va:center;--_ga-m-desktop:0 15px 0 0;--_ga-p-desktop:0 0 0 60px;--_ga-bg-desktop:transparent none;--_ga-zi-desktop:auto;--_ga-d-desktop:flex;--_ga-mw-desktop:calc(100% - 0 - 15px);--_ga-m-tablet:0 15px 0 0;--_ga-p-tablet:20px 20px 20px 20px;--_ga-bg-tablet:transparent none;--_ga-zi-tablet:auto;--_ga-d-tablet:flex;--_ga-mw-tablet:calc(100% - 0 - 15px);--_ga-m-mobile:0 15px 0 0;--_ga-p-mobile:20px 20px 20px 20px;--_ga-bg-mobile:transparent none;--_ga-zi-mobile:auto;--_ga-d-mobile:flex;--_ga-mw-mobile:calc(100% - 0 - 15px)\">\n\n<div style=\"height:30px\" aria-hidden=\"true\" class=\"wp-block-spacer space-none\"><\/div>\n\n\n\n<p>Sie k\u00f6nnen auch unsere gute K\u00fcche und das lokale Wein- &amp; Kulinarikangebot mit dem k\u00f6stlichen typischen K\u00e4se, dem Fisch aus dem See, der kostbaren Tr\u00fcffel, dem \u00d6l und den Weinen aus der Gardasee-Region probieren. Die nahe gelegenen Str\u00e4nde von Limone und Campione (15 bzw. 25 Autominuten) sind das ideale Ziel f\u00fcr begeisterte Windsurfer und Kitesurfer.<br>Das Hotel Le Balze ist auch das ideale Hotel f\u00fcr die Familie.<\/p>\n\n\n\n<p>Wir freuen uns schon auf Ihren Besuch \u2026 f\u00fcr einen Urlaub zwischen Himmel und See!<\/p>\n\n\n\n<div style=\"height:30px\" aria-hidden=\"true\" class=\"wp-block-spacer space-none\"><\/div>\n\n<\/div>\n\n<div class=\"grids-area\" style=\"--_ga-column:1\/7;--_ga-row:1\/2;--_ga-va:center;--_ga-m-desktop:0 0 0 0;--_ga-p-desktop:0 0 0 0;--_ga-bg-desktop:transparent none;--_ga-zi-desktop:auto;--_ga-d-desktop:flex;--_ga-mw-desktop:calc(100% - 0 - 0);--_ga-m-tablet:0 0 0 0;--_ga-p-tablet:0 0 0 0;--_ga-bg-tablet:transparent none;--_ga-zi-tablet:auto;--_ga-d-tablet:flex;--_ga-mw-tablet:calc(100% - 0 - 0);--_ga-m-mobile:0 0 0 0;--_ga-p-mobile:0 0 0 0;--_ga-bg-mobile:transparent none;--_ga-zi-mobile:auto;--_ga-d-mobile:flex;--_ga-mw-mobile:calc(100% - 0 - 0)\">\n\n<figure class=\"wp-block-image size-large\"><img loading=\"lazy\" decoding=\"async\" width=\"1024\" height=\"683\" src=\"https:\/\/www.hotellebalze.it\/wp-content\/uploads\/2024\/04\/Pranzo-estivo-elegante-1024x683.webp\" alt=\"\" class=\"wp-image-10733\" srcset=\"https:\/\/www.hotellebalze.it\/wp-content\/uploads\/2024\/04\/Pranzo-estivo-elegante-1024x683.webp 1024w, https:\/\/www.hotellebalze.it\/wp-content\/uploads\/2024\/04\/Pranzo-estivo-elegante-300x200.webp 300w, https:\/\/www.hotellebalze.it\/wp-content\/uploads\/2024\/04\/Pranzo-estivo-elegante-768x512.webp 768w, https:\/\/www.hotellebalze.it\/wp-content\/uploads\/2024\/04\/Pranzo-estivo-elegante-1536x1024.webp 1536w, https:\/\/www.hotellebalze.it\/wp-content\/uploads\/2024\/04\/Pranzo-estivo-elegante-1200x800.webp 1200w, https:\/\/www.hotellebalze.it\/wp-content\/uploads\/2024\/04\/Pranzo-estivo-elegante.webp 1620w\" sizes=\"auto, (max-width: 1024px) 100vw, 1024px\" \/><\/figure>\n\n<\/div>\n<\/div><\/div>\n\n<div  class=\"grids-section grids-is-advanced alignfull\" style=\"--_gs-gap-desktop:0px 0px;--_gs-m-desktop:0px 0 0 0;--_gs-p-desktop:0 0 0 0;--_gs-bg-desktop:transparent none;--_gs-bg-xp-desktop:0px;--_gs-zi-desktop:auto;--_gs-d-desktop:block;--_gs-mw-desktop:calc(100% - 0 - 0);--_gs-gap-tablet:0px 0px;--_gs-m-tablet:0px 0 0 0;--_gs-p-tablet:0 0 0 0;--_gs-bg-tablet:transparent none;--_gs-bg-xp-tablet:0px;--_gs-zi-tablet:auto;--_gs-d-tablet:block;--_gs-mw-tablet:calc(100% - 0 - 0);--_gs-gap-mobile:0px 0px;--_gs-m-mobile:0px 0 -250px 0;--_gs-p-mobile:0 0 0 0;--_gs-bg-mobile:transparent none;--_gs-bg-xp-mobile:0px;--_gs-zi-mobile:auto;--_gs-d-mobile:block;--_gs-mw-mobile:calc(100% - 0 - 0);--_gs-columns:12;--_gs-rows:6\"><div class=\"grids-s-w_i\">\n<div class=\"grids-area hide-bg\" style=\"--_ga-column:1\/13;--_ga-row:1\/4;--_ga-m-desktop:0 0 0 0;--_ga-p-desktop:0 0 0 0;--_ga-bg-desktop:transparent url(https:\/\/www.hotellebalze.it\/wp-content\/uploads\/2024\/03\/Gruppo-di-lavoratori-in-uniforme.webp) no-repeat 50% 50%  \/ cover;--_ga-zi-desktop:auto;--_ga-d-desktop:flex;--_ga-mw-desktop:calc(100% - 0 - 0);--_ga-m-tablet:0 0 0 0;--_ga-p-tablet:0 0 0 0;--_ga-bg-tablet:transparent url(https:\/\/www.hotellebalze.it\/wp-content\/uploads\/2024\/03\/Gruppo-di-lavoratori-in-uniforme.webp) no-repeat 50% 50%  \/ cover;--_ga-zi-tablet:auto;--_ga-d-tablet:none;--_ga-mw-tablet:calc(100% - 0 - 0);--_ga-m-mobile:0 0 0 0;--_ga-p-mobile:0 0 0 0;--_ga-bg-mobile:transparent url(https:\/\/www.hotellebalze.it\/wp-content\/uploads\/2024\/03\/Gruppo-di-lavoratori-in-uniforme.webp) no-repeat 50% 50%  \/ cover;--_ga-zi-mobile:auto;--_ga-d-mobile:none;--_ga-mw-mobile:calc(100% - 0 - 0)\">\n\n<div style=\"height:100px\" aria-hidden=\"true\" class=\"wp-block-spacer\"><\/div>\n\n<\/div>\n\n<div class=\"grids-area\" style=\"--_ga-column:6\/12;--_ga-row:2\/3;--_ga-va:center;--_ga-m-desktop:0 0 0 0;--_ga-p-desktop:40px 40px 40px 40px;--_ga-bg-desktop:#ffffff none;--_ga-zi-desktop:auto;--_ga-d-desktop:flex;--_ga-mw-desktop:calc(100% - 0 - 0);--_ga-m-tablet:0 0 0 0;--_ga-p-tablet:40px 40px 40px 40px;--_ga-bg-tablet:#ffffff none;--_ga-zi-tablet:auto;--_ga-d-tablet:flex;--_ga-mw-tablet:calc(100% - 0 - 0);--_ga-m-mobile:0 30px 0 30px;--_ga-p-mobile:12px 12px 12px 12px;--_ga-bg-mobile:#ffffff none;--_ga-zi-mobile:auto;--_ga-d-mobile:flex;--_ga-mw-mobile:calc(100% - 30px - 30px)\">\n\n<p class=\"has-normal-font-size\" style=\"font-style:normal;font-weight:300\"><em><em>Sie werden sich wie in einer Familie f\u00fchlen<\/em><\/em><\/p>\n\n\n\n<p><strong><strong>Zuvorkommendes und herzliches Personal<\/strong><\/strong><\/p>\n\n\n\n<p>Wenn Sie im Hotel Le Balze Urlaub machen, sind Sie von einem <strong>aufmerksamen und herzlichen Personal<\/strong> umgeben. Wir stellen sicher, dass Sie alles haben, um <strong>einen unvergesslichen Urlaub<\/strong> zu erleben.<\/p>\n\n\n\n<div class=\"wp-block-buttons is-layout-flex wp-block-buttons-is-layout-flex\">\n<div class=\"wp-block-button\"><a class=\"wp-block-button__link wp-element-button\" href=\"https:\/\/www.hotellebalze.it\/de\/kontakt\/\">KONTAKT<\/a><\/div>\n<\/div>\n\n<\/div>\n\n<div class=\"grids-area\" style=\"--_ga-column:1\/13;--_ga-row:1\/2;--_ga-m-desktop:0 0 0 0;--_ga-p-desktop:0 0 0 0;--_ga-bg-desktop:transparent none;--_ga-zi-desktop:auto;--_ga-d-desktop:flex;--_ga-mw-desktop:calc(100% - 0 - 0);--_ga-m-tablet:0 0 0 0;--_ga-p-tablet:0 0 0 0;--_ga-bg-tablet:transparent none;--_ga-zi-tablet:auto;--_ga-d-tablet:flex;--_ga-mw-tablet:calc(100% - 0 - 0);--_ga-m-mobile:0 0 0 0;--_ga-p-mobile:0 0 0 0;--_ga-bg-mobile:transparent none;--_ga-zi-mobile:auto;--_ga-d-mobile:flex;--_ga-mw-mobile:calc(100% - 0 - 0)\">\n\n<div style=\"height:100px\" aria-hidden=\"true\" class=\"wp-block-spacer padding-fascia\"><\/div>\n\n<\/div>\n\n<div class=\"grids-area\" style=\"--_ga-column:1\/13;--_ga-row:3\/4;--_ga-m-desktop:0 0 0 0;--_ga-p-desktop:0 0 0 0;--_ga-bg-desktop:transparent none;--_ga-zi-desktop:auto;--_ga-d-desktop:flex;--_ga-mw-desktop:calc(100% - 0 - 0);--_ga-m-tablet:0 0 0 0;--_ga-p-tablet:0 0 0 0;--_ga-bg-tablet:transparent none;--_ga-zi-tablet:auto;--_ga-d-tablet:flex;--_ga-mw-tablet:calc(100% - 0 - 0);--_ga-m-mobile:0 0 0 0;--_ga-p-mobile:0 0 0 0;--_ga-bg-mobile:transparent none;--_ga-zi-mobile:auto;--_ga-d-mobile:flex;--_ga-mw-mobile:calc(100% - 0 - 0)\">\n\n<div style=\"height:100px\" aria-hidden=\"true\" class=\"wp-block-spacer padding-fascia\"><\/div>\n\n<\/div>\n<\/div><\/div>\n\n\n<div class=\"conver-widget-v2\"\n     data-instance=\"conver-v2-2\">\n\n  <div class=\"chat-container\" id=\"chat-section\">\n\n    <div class=\"chat-header\">\n      <div class=\"chat-header-logo\">\n        <img decoding=\"async\"\n          src=\"https:\/\/www.hotellebalze.it\/wp-content\/themes\/jampaa\/template-parts\/ricerca-conversazionale-v2\/assets\/img\/logo-ricerca-conv.png\"\n          alt=\"\"\n        >\n        <span>Hallo<\/span>\n      <\/div>\n\n      <h2>Womit fangen wir an?<\/h2>\n    <\/div>\n\n    <!-- Chat -->\n    <div class=\"chat-box\"><\/div>\n\n    <!-- Loading -->\n    <div class=\"loading-conver hidden\" aria-hidden=\"true\">\n      <div class=\"dot\"><\/div><div class=\"dot\"><\/div><div class=\"dot\"><\/div>\n    <\/div>\n\n    <!-- Input -->\n    <div class=\"input-area-conver-wrapper\">\n      <div class=\"input-area-conver\">\n        <textarea\n          class=\"user-input-conver\"\n          placeholder=\"Stelle eine Frage...\"\n          rows=\"1\"\n        ><\/textarea>\n\n        <div class=\"box-btn-conver\">\n          <a class=\"send-btn-conver\" href=\"#\" role=\"button\" aria-label=\"AI Search\">\n            <i class=\"fa-light fa-magnifying-glass icon-search\" aria-hidden=\"true\"><\/i>\n            <i class=\"fa-regular fa-arrow-up icon-send hidden\" aria-hidden=\"true\"><\/i>\n            <span class=\"ai-search-text\">AI Search<\/span>\n          <\/a>\n\n          <i class=\"fa-light fa-close icon-erase hidden\" aria-hidden=\"true\"><\/i>\n        <\/div>\n      <\/div>\n    <\/div>\n    <span class=\"show-quick-questions hidden\">Zeige schnelle Fragen<\/span>\n\n    <!-- Domande rapide -->\n    <div class=\"entry-chats-wrapper\">\n      <button type=\"button\" class=\"entry-chat\" data-prompt=\"Ein Zimmer f\u00fcr zwei Personen buchen\">\n        Ein Zimmer f\u00fcr zwei Personen buchen      <\/button>\n\n      <button type=\"button\" class=\"entry-chat\" data-prompt=\"Sonderangebote entdecken\">\n        Sonderangebote entdecken      <\/button>\n\n      <button type=\"button\" class=\"entry-chat\" data-prompt=\"Zimmer entdecken\">\n        Zimmer entdecken      <\/button>\n\n      <button type=\"button\" class=\"entry-chat\" data-prompt=\"Wellnesscenter \u2018La Dolce Vita\u2019 entdecken\">\n        Wellnesscenter \u2018La Dolce Vita\u2019 entdecken      <\/button>\n    <\/div>\n\n  <\/div>\n<\/div>\n","protected":false},"excerpt":{"rendered":"","protected":false},"author":2,"featured_media":10794,"parent":0,"menu_order":0,"comment_status":"closed","ping_status":"closed","template":"templates\/template-full-width.php","meta":{"_acf_changed":false,"advgb_blocks_editor_width":"","advgb_blocks_columns_visual_guide":"","footnotes":""},"class_list":["post-9449","page","type-page","status-publish","has-post-thumbnail","hentry"],"acf":[],"yoast_head":"<!-- This site is optimized with the Yoast SEO plugin v27.4 - https:\/\/yoast.com\/product\/yoast-seo-wordpress\/ -->\n<title>Hotels - Hotel Le Balze<\/title>\n<meta name=\"description\" content=\"Willkommen im Hotel Le Balze - Aktiv &amp; Wellness in Tremosine sul Garda f\u00fcr einen Urlaub voller Ruhe, Wellness, Sport und Abenteuer.\" \/>\n<meta name=\"robots\" content=\"index, follow, max-snippet:-1, max-image-preview:large, max-video-preview:-1\" \/>\n<link rel=\"canonical\" href=\"https:\/\/www.hotellebalze.it\/de\/hotels\/\" \/>\n<meta property=\"og:locale\" content=\"de_DE\" \/>\n<meta property=\"og:type\" content=\"article\" \/>\n<meta property=\"og:title\" content=\"Hotels - Hotel Le Balze\" \/>\n<meta property=\"og:description\" content=\"Willkommen im Hotel Le Balze - Aktiv &amp; Wellness in Tremosine sul Garda f\u00fcr einen Urlaub voller Ruhe, Wellness, Sport und Abenteuer.\" \/>\n<meta property=\"og:url\" content=\"https:\/\/www.hotellebalze.it\/de\/hotels\/\" \/>\n<meta property=\"og:site_name\" content=\"Hotel Le Balze\" \/>\n<meta property=\"article:modified_time\" content=\"2026-02-17T14:57:43+00:00\" \/>\n<meta property=\"og:image\" content=\"https:\/\/www.hotellebalze.it\/wp-content\/uploads\/2024\/04\/Paesaggio-montano-con-lago.webp\" \/>\n\t<meta property=\"og:image:width\" content=\"1626\" \/>\n\t<meta property=\"og:image:height\" content=\"1080\" \/>\n\t<meta property=\"og:image:type\" content=\"image\/webp\" \/>\n<meta name=\"twitter:card\" content=\"summary_large_image\" \/>\n<meta name=\"twitter:label1\" content=\"Gesch\u00e4tzte Lesezeit\" \/>\n\t<meta name=\"twitter:data1\" content=\"2\u00a0Minuten\" \/>\n<script type=\"application\/ld+json\" class=\"yoast-schema-graph\">{\"@context\":\"https:\\\/\\\/schema.org\",\"@graph\":[{\"@type\":\"WebPage\",\"@id\":\"https:\\\/\\\/www.hotellebalze.it\\\/de\\\/hotels\\\/\",\"url\":\"https:\\\/\\\/www.hotellebalze.it\\\/de\\\/hotels\\\/\",\"name\":\"Hotels - Hotel Le Balze\",\"isPartOf\":{\"@id\":\"https:\\\/\\\/www.hotellebalze.it\\\/de\\\/#website\"},\"primaryImageOfPage\":{\"@id\":\"https:\\\/\\\/www.hotellebalze.it\\\/de\\\/hotels\\\/#primaryimage\"},\"image\":{\"@id\":\"https:\\\/\\\/www.hotellebalze.it\\\/de\\\/hotels\\\/#primaryimage\"},\"thumbnailUrl\":\"https:\\\/\\\/www.hotellebalze.it\\\/wp-content\\\/uploads\\\/2024\\\/04\\\/Paesaggio-montano-con-lago.webp\",\"datePublished\":\"2024-04-12T08:39:40+00:00\",\"dateModified\":\"2026-02-17T14:57:43+00:00\",\"description\":\"Willkommen im Hotel Le Balze - Aktiv & Wellness in Tremosine sul Garda f\u00fcr einen Urlaub voller Ruhe, Wellness, Sport und Abenteuer.\",\"inLanguage\":\"de\",\"potentialAction\":[{\"@type\":\"ReadAction\",\"target\":[\"https:\\\/\\\/www.hotellebalze.it\\\/de\\\/hotels\\\/\"]}]},{\"@type\":\"ImageObject\",\"inLanguage\":\"de\",\"@id\":\"https:\\\/\\\/www.hotellebalze.it\\\/de\\\/hotels\\\/#primaryimage\",\"url\":\"https:\\\/\\\/www.hotellebalze.it\\\/wp-content\\\/uploads\\\/2024\\\/04\\\/Paesaggio-montano-con-lago.webp\",\"contentUrl\":\"https:\\\/\\\/www.hotellebalze.it\\\/wp-content\\\/uploads\\\/2024\\\/04\\\/Paesaggio-montano-con-lago.webp\",\"width\":1626,\"height\":1080},{\"@type\":\"WebSite\",\"@id\":\"https:\\\/\\\/www.hotellebalze.it\\\/de\\\/#website\",\"url\":\"https:\\\/\\\/www.hotellebalze.it\\\/de\\\/\",\"name\":\"Hotel Le Balze\",\"description\":\"TREMOSINE SUL GARDA\",\"publisher\":{\"@id\":\"https:\\\/\\\/www.hotellebalze.it\\\/de\\\/#organization\"},\"potentialAction\":[{\"@type\":\"SearchAction\",\"target\":{\"@type\":\"EntryPoint\",\"urlTemplate\":\"https:\\\/\\\/www.hotellebalze.it\\\/de\\\/?s={search_term_string}\"},\"query-input\":{\"@type\":\"PropertyValueSpecification\",\"valueRequired\":true,\"valueName\":\"search_term_string\"}}],\"inLanguage\":\"de\"},{\"@type\":\"Organization\",\"@id\":\"https:\\\/\\\/www.hotellebalze.it\\\/de\\\/#organization\",\"name\":\"Hotel Le Balze\",\"url\":\"https:\\\/\\\/www.hotellebalze.it\\\/de\\\/\",\"logo\":{\"@type\":\"ImageObject\",\"inLanguage\":\"de\",\"@id\":\"https:\\\/\\\/www.hotellebalze.it\\\/de\\\/#\\\/schema\\\/logo\\\/image\\\/\",\"url\":\"https:\\\/\\\/www.hotellebalze.it\\\/wp-content\\\/uploads\\\/2024\\\/03\\\/hotel-le-balze.png\",\"contentUrl\":\"https:\\\/\\\/www.hotellebalze.it\\\/wp-content\\\/uploads\\\/2024\\\/03\\\/hotel-le-balze.png\",\"width\":1200,\"height\":244,\"caption\":\"Hotel Le Balze\"},\"image\":{\"@id\":\"https:\\\/\\\/www.hotellebalze.it\\\/de\\\/#\\\/schema\\\/logo\\\/image\\\/\"}}]}<\/script>\n<!-- \/ Yoast SEO plugin. -->","yoast_head_json":{"title":"Hotels - Hotel Le Balze","description":"Willkommen im Hotel Le Balze - Aktiv & Wellness in Tremosine sul Garda f\u00fcr einen Urlaub voller Ruhe, Wellness, Sport und Abenteuer.","robots":{"index":"index","follow":"follow","max-snippet":"max-snippet:-1","max-image-preview":"max-image-preview:large","max-video-preview":"max-video-preview:-1"},"canonical":"https:\/\/www.hotellebalze.it\/de\/hotels\/","og_locale":"de_DE","og_type":"article","og_title":"Hotels - Hotel Le Balze","og_description":"Willkommen im Hotel Le Balze - Aktiv & Wellness in Tremosine sul Garda f\u00fcr einen Urlaub voller Ruhe, Wellness, Sport und Abenteuer.","og_url":"https:\/\/www.hotellebalze.it\/de\/hotels\/","og_site_name":"Hotel Le Balze","article_modified_time":"2026-02-17T14:57:43+00:00","og_image":[{"width":1626,"height":1080,"url":"https:\/\/www.hotellebalze.it\/wp-content\/uploads\/2024\/04\/Paesaggio-montano-con-lago.webp","type":"image\/webp"}],"twitter_card":"summary_large_image","twitter_misc":{"Gesch\u00e4tzte Lesezeit":"2\u00a0Minuten"},"schema":{"@context":"https:\/\/schema.org","@graph":[{"@type":"WebPage","@id":"https:\/\/www.hotellebalze.it\/de\/hotels\/","url":"https:\/\/www.hotellebalze.it\/de\/hotels\/","name":"Hotels - Hotel Le Balze","isPartOf":{"@id":"https:\/\/www.hotellebalze.it\/de\/#website"},"primaryImageOfPage":{"@id":"https:\/\/www.hotellebalze.it\/de\/hotels\/#primaryimage"},"image":{"@id":"https:\/\/www.hotellebalze.it\/de\/hotels\/#primaryimage"},"thumbnailUrl":"https:\/\/www.hotellebalze.it\/wp-content\/uploads\/2024\/04\/Paesaggio-montano-con-lago.webp","datePublished":"2024-04-12T08:39:40+00:00","dateModified":"2026-02-17T14:57:43+00:00","description":"Willkommen im Hotel Le Balze - Aktiv & Wellness in Tremosine sul Garda f\u00fcr einen Urlaub voller Ruhe, Wellness, Sport und Abenteuer.","inLanguage":"de","potentialAction":[{"@type":"ReadAction","target":["https:\/\/www.hotellebalze.it\/de\/hotels\/"]}]},{"@type":"ImageObject","inLanguage":"de","@id":"https:\/\/www.hotellebalze.it\/de\/hotels\/#primaryimage","url":"https:\/\/www.hotellebalze.it\/wp-content\/uploads\/2024\/04\/Paesaggio-montano-con-lago.webp","contentUrl":"https:\/\/www.hotellebalze.it\/wp-content\/uploads\/2024\/04\/Paesaggio-montano-con-lago.webp","width":1626,"height":1080},{"@type":"WebSite","@id":"https:\/\/www.hotellebalze.it\/de\/#website","url":"https:\/\/www.hotellebalze.it\/de\/","name":"Hotel Le Balze","description":"TREMOSINE SUL GARDA","publisher":{"@id":"https:\/\/www.hotellebalze.it\/de\/#organization"},"potentialAction":[{"@type":"SearchAction","target":{"@type":"EntryPoint","urlTemplate":"https:\/\/www.hotellebalze.it\/de\/?s={search_term_string}"},"query-input":{"@type":"PropertyValueSpecification","valueRequired":true,"valueName":"search_term_string"}}],"inLanguage":"de"},{"@type":"Organization","@id":"https:\/\/www.hotellebalze.it\/de\/#organization","name":"Hotel Le Balze","url":"https:\/\/www.hotellebalze.it\/de\/","logo":{"@type":"ImageObject","inLanguage":"de","@id":"https:\/\/www.hotellebalze.it\/de\/#\/schema\/logo\/image\/","url":"https:\/\/www.hotellebalze.it\/wp-content\/uploads\/2024\/03\/hotel-le-balze.png","contentUrl":"https:\/\/www.hotellebalze.it\/wp-content\/uploads\/2024\/03\/hotel-le-balze.png","width":1200,"height":244,"caption":"Hotel Le Balze"},"image":{"@id":"https:\/\/www.hotellebalze.it\/de\/#\/schema\/logo\/image\/"}}]}},"coauthors":[],"author_meta":{"author_link":"https:\/\/www.hotellebalze.it\/de\/author\/h4_leakeic9\/","display_name":"Promoservice"},"relative_dates":{"created":"Posted 2\u00a0Jahren ago","modified":"Updated 3\u00a0Monaten ago"},"absolute_dates":{"created":"Posted on 12. April 2024","modified":"Updated on 17. Februar 2026"},"absolute_dates_time":{"created":"Posted on 12. April 2024 10:39","modified":"Updated on 17. Februar 2026 15:57"},"featured_img_caption":"","featured_img":"https:\/\/www.hotellebalze.it\/wp-content\/uploads\/2024\/04\/Paesaggio-montano-con-lago-1200x797.webp","series_order":"","_links":{"self":[{"href":"https:\/\/www.hotellebalze.it\/de\/wp-json\/wp\/v2\/pages\/9449","targetHints":{"allow":["GET"]}}],"collection":[{"href":"https:\/\/www.hotellebalze.it\/de\/wp-json\/wp\/v2\/pages"}],"about":[{"href":"https:\/\/www.hotellebalze.it\/de\/wp-json\/wp\/v2\/types\/page"}],"author":[{"embeddable":true,"href":"https:\/\/www.hotellebalze.it\/de\/wp-json\/wp\/v2\/users\/2"}],"replies":[{"embeddable":true,"href":"https:\/\/www.hotellebalze.it\/de\/wp-json\/wp\/v2\/comments?post=9449"}],"version-history":[{"count":16,"href":"https:\/\/www.hotellebalze.it\/de\/wp-json\/wp\/v2\/pages\/9449\/revisions"}],"predecessor-version":[{"id":14504,"href":"https:\/\/www.hotellebalze.it\/de\/wp-json\/wp\/v2\/pages\/9449\/revisions\/14504"}],"wp:featuredmedia":[{"embeddable":true,"href":"https:\/\/www.hotellebalze.it\/de\/wp-json\/wp\/v2\/media\/10794"}],"wp:attachment":[{"href":"https:\/\/www.hotellebalze.it\/de\/wp-json\/wp\/v2\/media?parent=9449"}],"curies":[{"name":"wp","href":"https:\/\/api.w.org\/{rel}","templated":true}]}}