{"id":9437,"date":"2024-04-12T10:39:33","date_gmt":"2024-04-12T08:39:33","guid":{"rendered":"https:\/\/www.hotellebalze.it\/mehrzweck-sportplatz\/"},"modified":"2026-02-17T15:47:54","modified_gmt":"2026-02-17T14:47:54","slug":"mehrzweck-sportplatz","status":"publish","type":"page","link":"https:\/\/www.hotellebalze.it\/de\/mehrzweck-sportplatz\/","title":{"rendered":"Mehrzweck-Sportplatz"},"content":{"rendered":"<div  class=\"grids-section four-images-row grids-is-advanced alignwide\" style=\"--_gs-gap-desktop:0px 0px;--_gs-m-desktop:0px 0 0px 0;--_gs-p-desktop:0 0 0 0;--_gs-bg-desktop:transparent none;--_gs-bg-xp-desktop:0px;--_gs-zi-desktop:1;--_gs-d-desktop:block;--_gs-mw-desktop:calc(100% - 0 - 0);--_gs-gap-tablet:0px 0px;--_gs-m-tablet:0px 0 0px 0;--_gs-p-tablet:0 0 0 0;--_gs-bg-tablet:transparent none;--_gs-bg-xp-tablet:0px;--_gs-zi-tablet:1;--_gs-d-tablet:block;--_gs-mw-tablet:calc(100% - 0 - 0);--_gs-gap-mobile:0px 0px;--_gs-m-mobile:0px 0 0px 0;--_gs-p-mobile:0 0 0 0;--_gs-bg-mobile:#ffffff none;--_gs-bg-xp-mobile:0px;--_gs-zi-mobile:1;--_gs-d-mobile:block;--_gs-mw-mobile:calc(100% - 0 - 0);--_gs-columns:12;--_gs-rows:6\"><div class=\"grids-s-w_i\">\n<div class=\"grids-area text-section-4img\" style=\"--_ga-column:1\/8;--_ga-row:1\/7;--_ga-m-desktop:0 15px 0 0;--_ga-p-desktop:0 60px 0 0;--_ga-bg-desktop:transparent none;--_ga-zi-desktop:auto;--_ga-d-desktop:flex;--_ga-mw-desktop:calc(100% - 0 - 15px);--_ga-m-tablet:0 15px 0 0;--_ga-p-tablet:20px 20px 20px 20px;--_ga-bg-tablet:transparent none;--_ga-zi-tablet:auto;--_ga-d-tablet:flex;--_ga-mw-tablet:calc(100% - 0 - 15px);--_ga-m-mobile:0 15px 0 0;--_ga-p-mobile:20px 20px 20px 20px;--_ga-bg-mobile:transparent none;--_ga-zi-mobile:auto;--_ga-d-mobile:flex;--_ga-mw-mobile:calc(100% - 0 - 15px)\">\n\n<h1 class=\"wp-block-heading has-text-align-left\"><strong><strong>Mehrzweck-Sportplatz<\/strong><\/strong><\/h1>\n\n\n\n<div style=\"height:15px\" aria-hidden=\"true\" class=\"wp-block-spacer\"><\/div>\n\n\n\n<p><strong>Ein Sportplatz wie kein anderer!<\/strong><\/p>\n\n\n\n<p>Sie sind Sportliebhaber? Dann hat das Hotel Le Balze soeben den perfekten Ort f\u00fcr Sie er\u00f6ffnet! Entdecken Sie unseren <strong>brandneuen<\/strong> Mehrzweck-Sportplatz, wo jeder Tag eine neue Herausforderung ist.<\/p>\n\n\n\n<p>Auf dem neuen Mehrzweck-Sportplatz k\u00f6nnen Sie folgende Sportarten aus\u00fcben:<\/p>\n\n\n\n<ul class=\"wp-block-list\">\n<li><strong>Fu\u00dfball<\/strong>: Stellen Sie Ihre fu\u00dfballerischen F\u00e4higkeiten unter Beweis, w\u00e4hrend Sie Ihre Lunge mit der frischen Luft im Garda Trentino f\u00fcllen. Jedes Tor wird sich besonders anf\u00fchlen.<\/li>\n\n\n\n<li><strong>Basketball<\/strong>: Dribbeln, Passen und K\u00f6rbe werfen mit atemberaubendem Panoramablick auf den Gardasee.<\/li>\n\n\n\n<li><strong>Volleyball<\/strong>: Schlagen, Baggern und Pritschen auf 700 Metern H\u00f6he. Ein einzigartiges Erlebnis, das man sich nicht entgehen lassen sollte.<\/li>\n<\/ul>\n\n\n\n<p>Das ist aber l\u00e4ngst noch nicht alles: Der Zutritt zum Feld ist reserviert und f\u00fcr alle G\u00e4ste des Hotels Le Balze absolut kostenlos!<\/p>\n\n<\/div>\n\n<div class=\"grids-area div-y-stretched\" style=\"--_ga-column:10\/13;--_ga-row:1\/4;--_ga-va:flex-end;--_ga-m-desktop:0 0 0 0;--_ga-p-desktop:0 0 0 0;--_ga-bg-desktop:transparent none;--_ga-zi-desktop:auto;--_ga-d-desktop:flex;--_ga-mw-desktop:calc(100% - 0 - 0);--_ga-m-tablet:0 0 0 0;--_ga-p-tablet:0 0 0 0;--_ga-bg-tablet:transparent none;--_ga-zi-tablet:auto;--_ga-d-tablet:flex;--_ga-mw-tablet:calc(100% - 0 - 0);--_ga-m-mobile:0 0 0 0;--_ga-p-mobile:0 0 0 0;--_ga-bg-mobile:transparent none;--_ga-zi-mobile:auto;--_ga-d-mobile:flex;--_ga-mw-mobile:calc(100% - 0 - 0)\">\n\n<figure class=\"wp-block-image size-full full-width\"><img loading=\"lazy\" decoding=\"async\" width=\"2560\" height=\"1707\" src=\"https:\/\/www.hotellebalze.it\/wp-content\/uploads\/2024\/05\/balze-8-scaled.jpg\" alt=\"\" class=\"wp-image-11305\" style=\"object-fit:cover\" srcset=\"https:\/\/www.hotellebalze.it\/wp-content\/uploads\/2024\/05\/balze-8-scaled.jpg 2560w, https:\/\/www.hotellebalze.it\/wp-content\/uploads\/2024\/05\/balze-8-300x200.jpg 300w, https:\/\/www.hotellebalze.it\/wp-content\/uploads\/2024\/05\/balze-8-1024x683.jpg 1024w, https:\/\/www.hotellebalze.it\/wp-content\/uploads\/2024\/05\/balze-8-768x512.jpg 768w, https:\/\/www.hotellebalze.it\/wp-content\/uploads\/2024\/05\/balze-8-1536x1024.jpg 1536w, https:\/\/www.hotellebalze.it\/wp-content\/uploads\/2024\/05\/balze-8-2048x1365.jpg 2048w, https:\/\/www.hotellebalze.it\/wp-content\/uploads\/2024\/05\/balze-8-1200x800.jpg 1200w, https:\/\/www.hotellebalze.it\/wp-content\/uploads\/2024\/05\/balze-8-1980x1320.jpg 1980w\" sizes=\"auto, (max-width: 2560px) 100vw, 2560px\" \/><\/figure>\n\n<\/div>\n\n<div class=\"grids-area div-x-stretched\" style=\"--_ga-column:8\/10;--_ga-row:2\/4;--_ga-va:flex-end;--_ga-m-desktop:0 0 0 0;--_ga-p-desktop:0 0 0 0;--_ga-bg-desktop:transparent none;--_ga-zi-desktop:auto;--_ga-d-desktop:flex;--_ga-mw-desktop:calc(100% - 0 - 0);--_ga-m-tablet:0 0 0 0;--_ga-p-tablet:0 0 0 0;--_ga-bg-tablet:transparent none;--_ga-zi-tablet:auto;--_ga-d-tablet:flex;--_ga-mw-tablet:calc(100% - 0 - 0);--_ga-m-mobile:0 0 0 0;--_ga-p-mobile:0 0 0 0;--_ga-bg-mobile:transparent none;--_ga-zi-mobile:auto;--_ga-d-mobile:flex;--_ga-mw-mobile:calc(100% - 0 - 0)\">\n\n<figure class=\"wp-block-image size-large full-width\"><img loading=\"lazy\" decoding=\"async\" width=\"683\" height=\"1024\" src=\"https:\/\/www.hotellebalze.it\/wp-content\/uploads\/2024\/05\/pallavolo-683x1024.jpg\" alt=\"\" class=\"wp-image-11988\" srcset=\"https:\/\/www.hotellebalze.it\/wp-content\/uploads\/2024\/05\/pallavolo-683x1024.jpg 683w, https:\/\/www.hotellebalze.it\/wp-content\/uploads\/2024\/05\/pallavolo-200x300.jpg 200w, https:\/\/www.hotellebalze.it\/wp-content\/uploads\/2024\/05\/pallavolo-768x1152.jpg 768w, https:\/\/www.hotellebalze.it\/wp-content\/uploads\/2024\/05\/pallavolo-1024x1536.jpg 1024w, https:\/\/www.hotellebalze.it\/wp-content\/uploads\/2024\/05\/pallavolo-1200x1800.jpg 1200w, https:\/\/www.hotellebalze.it\/wp-content\/uploads\/2024\/05\/pallavolo.jpg 1216w\" sizes=\"auto, (max-width: 683px) 100vw, 683px\" \/><\/figure>\n\n<\/div>\n\n<div class=\"grids-area div-y-stretched\" style=\"--_ga-column:8\/11;--_ga-row:4\/7;--_ga-m-desktop:0 0 0 0;--_ga-p-desktop:0 0 0 0;--_ga-bg-desktop:transparent none;--_ga-zi-desktop:auto;--_ga-d-desktop:flex;--_ga-mw-desktop:calc(100% - 0 - 0);--_ga-m-tablet:0 0 0 0;--_ga-p-tablet:0 0 0 0;--_ga-bg-tablet:transparent none;--_ga-zi-tablet:auto;--_ga-d-tablet:flex;--_ga-mw-tablet:calc(100% - 0 - 0);--_ga-m-mobile:0 0 0 0;--_ga-p-mobile:0 0 0 0;--_ga-bg-mobile:transparent none;--_ga-zi-mobile:auto;--_ga-d-mobile:flex;--_ga-mw-mobile:calc(100% - 0 - 0)\">\n\n<figure class=\"wp-block-image size-full full-width\"><img loading=\"lazy\" decoding=\"async\" width=\"720\" height=\"1080\" src=\"https:\/\/www.hotellebalze.it\/wp-content\/uploads\/2024\/03\/Uomo-serve-a-tennis.webp\" alt=\"Tennisspieler schl\u00e4gt auf einem Sandplatz auf.\" class=\"wp-image-8965\" srcset=\"https:\/\/www.hotellebalze.it\/wp-content\/uploads\/2024\/03\/Uomo-serve-a-tennis.webp 720w, https:\/\/www.hotellebalze.it\/wp-content\/uploads\/2024\/03\/Uomo-serve-a-tennis-200x300.webp 200w, https:\/\/www.hotellebalze.it\/wp-content\/uploads\/2024\/03\/Uomo-serve-a-tennis-683x1024.webp 683w\" sizes=\"auto, (max-width: 720px) 100vw, 720px\" \/><\/figure>\n\n<\/div>\n\n<div class=\"grids-area div-x-stretched\" style=\"--_ga-column:11\/13;--_ga-row:4\/6;--_ga-m-desktop:0 0 0 0;--_ga-p-desktop:0 0 0 0;--_ga-bg-desktop:transparent none;--_ga-zi-desktop:auto;--_ga-d-desktop:flex;--_ga-mw-desktop:calc(100% - 0 - 0);--_ga-m-tablet:0 0 0 0;--_ga-p-tablet:0 0 0 0;--_ga-bg-tablet:transparent none;--_ga-zi-tablet:auto;--_ga-d-tablet:flex;--_ga-mw-tablet:calc(100% - 0 - 0);--_ga-m-mobile:0 0 0 0;--_ga-p-mobile:0 0 0 0;--_ga-bg-mobile:transparent none;--_ga-zi-mobile:auto;--_ga-d-mobile:flex;--_ga-mw-mobile:calc(100% - 0 - 0)\">\n\n<figure class=\"wp-block-image size-large full-width\"><img loading=\"lazy\" decoding=\"async\" width=\"683\" height=\"1024\" src=\"https:\/\/www.hotellebalze.it\/wp-content\/uploads\/2024\/03\/Giocatori-di-minigolf-allaperto-683x1024.webp\" alt=\"Junge Leute spielen Minigolf im Freien.\" class=\"wp-image-9015\" srcset=\"https:\/\/www.hotellebalze.it\/wp-content\/uploads\/2024\/03\/Giocatori-di-minigolf-allaperto-683x1024.webp 683w, https:\/\/www.hotellebalze.it\/wp-content\/uploads\/2024\/03\/Giocatori-di-minigolf-allaperto-200x300.webp 200w, https:\/\/www.hotellebalze.it\/wp-content\/uploads\/2024\/03\/Giocatori-di-minigolf-allaperto.webp 720w\" sizes=\"auto, (max-width: 683px) 100vw, 683px\" \/><\/figure>\n\n<\/div>\n<\/div><\/div>\n\n\n<div class=\"wp-block-buttons is-content-justification-center is-layout-flex wp-container-core-buttons-is-layout-16018d1d wp-block-buttons-is-layout-flex\">\n<div class=\"wp-block-button\"><a class=\"wp-block-button__link has-text-align-center wp-element-button\" href=\"https:\/\/www.hotellebalze.it\/de\/angebot-des-tages\/\">DAS SPEZIALANGEBOT F\u00dcR IHREN AKTIVURLAUB ENTDECKEN!<\/a><\/div>\n<\/div>\n\n\n\n<div class=\"conver-widget-v2\"\n     data-instance=\"conver-v2-2\">\n\n  <div class=\"chat-container\" id=\"chat-section\">\n\n    <div class=\"chat-header\">\n      <div class=\"chat-header-logo\">\n        <img decoding=\"async\"\n          src=\"https:\/\/www.hotellebalze.it\/wp-content\/themes\/jampaa\/template-parts\/ricerca-conversazionale-v2\/assets\/img\/logo-ricerca-conv.png\"\n          alt=\"\"\n        >\n        <span>Hallo<\/span>\n      <\/div>\n\n      <h2>Womit fangen wir an?<\/h2>\n    <\/div>\n\n    <!-- Chat -->\n    <div class=\"chat-box\"><\/div>\n\n    <!-- Loading -->\n    <div class=\"loading-conver hidden\" aria-hidden=\"true\">\n      <div class=\"dot\"><\/div><div class=\"dot\"><\/div><div class=\"dot\"><\/div>\n    <\/div>\n\n    <!-- Input -->\n    <div class=\"input-area-conver-wrapper\">\n      <div class=\"input-area-conver\">\n        <textarea\n          class=\"user-input-conver\"\n          placeholder=\"Stelle eine Frage...\"\n          rows=\"1\"\n        ><\/textarea>\n\n        <div class=\"box-btn-conver\">\n          <a class=\"send-btn-conver\" href=\"#\" role=\"button\" aria-label=\"AI Search\">\n            <i class=\"fa-light fa-magnifying-glass icon-search\" aria-hidden=\"true\"><\/i>\n            <i class=\"fa-regular fa-arrow-up icon-send hidden\" aria-hidden=\"true\"><\/i>\n            <span class=\"ai-search-text\">AI Search<\/span>\n          <\/a>\n\n          <i class=\"fa-light fa-close icon-erase hidden\" aria-hidden=\"true\"><\/i>\n        <\/div>\n      <\/div>\n    <\/div>\n    <span class=\"show-quick-questions hidden\">Zeige schnelle Fragen<\/span>\n\n    <!-- Domande rapide -->\n    <div class=\"entry-chats-wrapper\">\n      <button type=\"button\" class=\"entry-chat\" data-prompt=\"Ein Zimmer f\u00fcr zwei Personen buchen\">\n        Ein Zimmer f\u00fcr zwei Personen buchen      <\/button>\n\n      <button type=\"button\" class=\"entry-chat\" data-prompt=\"Sonderangebote entdecken\">\n        Sonderangebote entdecken      <\/button>\n\n      <button type=\"button\" class=\"entry-chat\" data-prompt=\"Zimmer entdecken\">\n        Zimmer entdecken      <\/button>\n\n      <button type=\"button\" class=\"entry-chat\" data-prompt=\"Wellnesscenter \u2018La Dolce Vita\u2019 entdecken\">\n        Wellnesscenter \u2018La Dolce Vita\u2019 entdecken      <\/button>\n    <\/div>\n\n  <\/div>\n<\/div>\n","protected":false},"excerpt":{"rendered":"","protected":false},"author":8,"featured_media":9094,"parent":0,"menu_order":0,"comment_status":"closed","ping_status":"closed","template":"templates\/template-full-width.php","meta":{"_acf_changed":false,"advgb_blocks_editor_width":"","advgb_blocks_columns_visual_guide":"","footnotes":""},"class_list":["post-9437","page","type-page","status-publish","has-post-thumbnail","hentry"],"acf":[],"yoast_head":"<!-- This site is optimized with the Yoast SEO plugin v27.4 - https:\/\/yoast.com\/product\/yoast-seo-wordpress\/ -->\n<title>Mehrzweck-Sportplatz - Hotel Le Balze<\/title>\n<meta name=\"description\" content=\"F\u00fcr alle Trekking- und Radfahrbegeisterten gibt es zahlreiche Wanderwege, die vom Park des Hotels Le Balze aus zu erkunden sind.\" \/>\n<meta name=\"robots\" content=\"index, follow, max-snippet:-1, max-image-preview:large, max-video-preview:-1\" \/>\n<link rel=\"canonical\" href=\"https:\/\/www.hotellebalze.it\/de\/mehrzweck-sportplatz\/\" \/>\n<meta property=\"og:locale\" content=\"de_DE\" \/>\n<meta property=\"og:type\" content=\"article\" \/>\n<meta property=\"og:title\" content=\"Mehrzweck-Sportplatz - Hotel Le Balze\" \/>\n<meta property=\"og:description\" content=\"F\u00fcr alle Trekking- und Radfahrbegeisterten gibt es zahlreiche Wanderwege, die vom Park des Hotels Le Balze aus zu erkunden sind.\" \/>\n<meta property=\"og:url\" content=\"https:\/\/www.hotellebalze.it\/de\/mehrzweck-sportplatz\/\" \/>\n<meta property=\"og:site_name\" content=\"Hotel Le Balze\" \/>\n<meta property=\"article:modified_time\" content=\"2026-02-17T14:47:54+00:00\" \/>\n<meta property=\"og:image\" content=\"https:\/\/www.hotellebalze.it\/wp-content\/uploads\/2024\/03\/Partita-di-calcio-tennis-allaperto.webp\" \/>\n\t<meta property=\"og:image:width\" content=\"1620\" \/>\n\t<meta property=\"og:image:height\" content=\"1080\" \/>\n\t<meta property=\"og:image:type\" content=\"image\/webp\" \/>\n<meta name=\"twitter:card\" content=\"summary_large_image\" \/>\n<meta name=\"twitter:label1\" content=\"Gesch\u00e4tzte Lesezeit\" \/>\n\t<meta name=\"twitter:data1\" content=\"2\u00a0Minuten\" \/>\n<script type=\"application\/ld+json\" class=\"yoast-schema-graph\">{\"@context\":\"https:\\\/\\\/schema.org\",\"@graph\":[{\"@type\":\"WebPage\",\"@id\":\"https:\\\/\\\/www.hotellebalze.it\\\/de\\\/mehrzweck-sportplatz\\\/\",\"url\":\"https:\\\/\\\/www.hotellebalze.it\\\/de\\\/mehrzweck-sportplatz\\\/\",\"name\":\"Mehrzweck-Sportplatz - Hotel Le Balze\",\"isPartOf\":{\"@id\":\"https:\\\/\\\/www.hotellebalze.it\\\/de\\\/#website\"},\"primaryImageOfPage\":{\"@id\":\"https:\\\/\\\/www.hotellebalze.it\\\/de\\\/mehrzweck-sportplatz\\\/#primaryimage\"},\"image\":{\"@id\":\"https:\\\/\\\/www.hotellebalze.it\\\/de\\\/mehrzweck-sportplatz\\\/#primaryimage\"},\"thumbnailUrl\":\"https:\\\/\\\/www.hotellebalze.it\\\/wp-content\\\/uploads\\\/2024\\\/03\\\/Partita-di-calcio-tennis-allaperto.webp\",\"datePublished\":\"2024-04-12T08:39:33+00:00\",\"dateModified\":\"2026-02-17T14:47:54+00:00\",\"description\":\"F\u00fcr alle Trekking- und Radfahrbegeisterten gibt es zahlreiche Wanderwege, die vom Park des Hotels Le Balze aus zu erkunden sind.\",\"inLanguage\":\"de\",\"potentialAction\":[{\"@type\":\"ReadAction\",\"target\":[\"https:\\\/\\\/www.hotellebalze.it\\\/de\\\/mehrzweck-sportplatz\\\/\"]}]},{\"@type\":\"ImageObject\",\"inLanguage\":\"de\",\"@id\":\"https:\\\/\\\/www.hotellebalze.it\\\/de\\\/mehrzweck-sportplatz\\\/#primaryimage\",\"url\":\"https:\\\/\\\/www.hotellebalze.it\\\/wp-content\\\/uploads\\\/2024\\\/03\\\/Partita-di-calcio-tennis-allaperto.webp\",\"contentUrl\":\"https:\\\/\\\/www.hotellebalze.it\\\/wp-content\\\/uploads\\\/2024\\\/03\\\/Partita-di-calcio-tennis-allaperto.webp\",\"width\":1620,\"height\":1080},{\"@type\":\"WebSite\",\"@id\":\"https:\\\/\\\/www.hotellebalze.it\\\/de\\\/#website\",\"url\":\"https:\\\/\\\/www.hotellebalze.it\\\/de\\\/\",\"name\":\"Hotel Le Balze\",\"description\":\"TREMOSINE SUL GARDA\",\"publisher\":{\"@id\":\"https:\\\/\\\/www.hotellebalze.it\\\/de\\\/#organization\"},\"potentialAction\":[{\"@type\":\"SearchAction\",\"target\":{\"@type\":\"EntryPoint\",\"urlTemplate\":\"https:\\\/\\\/www.hotellebalze.it\\\/de\\\/?s={search_term_string}\"},\"query-input\":{\"@type\":\"PropertyValueSpecification\",\"valueRequired\":true,\"valueName\":\"search_term_string\"}}],\"inLanguage\":\"de\"},{\"@type\":\"Organization\",\"@id\":\"https:\\\/\\\/www.hotellebalze.it\\\/de\\\/#organization\",\"name\":\"Hotel Le Balze\",\"url\":\"https:\\\/\\\/www.hotellebalze.it\\\/de\\\/\",\"logo\":{\"@type\":\"ImageObject\",\"inLanguage\":\"de\",\"@id\":\"https:\\\/\\\/www.hotellebalze.it\\\/de\\\/#\\\/schema\\\/logo\\\/image\\\/\",\"url\":\"https:\\\/\\\/www.hotellebalze.it\\\/wp-content\\\/uploads\\\/2024\\\/03\\\/hotel-le-balze.png\",\"contentUrl\":\"https:\\\/\\\/www.hotellebalze.it\\\/wp-content\\\/uploads\\\/2024\\\/03\\\/hotel-le-balze.png\",\"width\":1200,\"height\":244,\"caption\":\"Hotel Le Balze\"},\"image\":{\"@id\":\"https:\\\/\\\/www.hotellebalze.it\\\/de\\\/#\\\/schema\\\/logo\\\/image\\\/\"}}]}<\/script>\n<!-- \/ Yoast SEO plugin. -->","yoast_head_json":{"title":"Mehrzweck-Sportplatz - Hotel Le Balze","description":"F\u00fcr alle Trekking- und Radfahrbegeisterten gibt es zahlreiche Wanderwege, die vom Park des Hotels Le Balze aus zu erkunden sind.","robots":{"index":"index","follow":"follow","max-snippet":"max-snippet:-1","max-image-preview":"max-image-preview:large","max-video-preview":"max-video-preview:-1"},"canonical":"https:\/\/www.hotellebalze.it\/de\/mehrzweck-sportplatz\/","og_locale":"de_DE","og_type":"article","og_title":"Mehrzweck-Sportplatz - Hotel Le Balze","og_description":"F\u00fcr alle Trekking- und Radfahrbegeisterten gibt es zahlreiche Wanderwege, die vom Park des Hotels Le Balze aus zu erkunden sind.","og_url":"https:\/\/www.hotellebalze.it\/de\/mehrzweck-sportplatz\/","og_site_name":"Hotel Le Balze","article_modified_time":"2026-02-17T14:47:54+00:00","og_image":[{"width":1620,"height":1080,"url":"https:\/\/www.hotellebalze.it\/wp-content\/uploads\/2024\/03\/Partita-di-calcio-tennis-allaperto.webp","type":"image\/webp"}],"twitter_card":"summary_large_image","twitter_misc":{"Gesch\u00e4tzte Lesezeit":"2\u00a0Minuten"},"schema":{"@context":"https:\/\/schema.org","@graph":[{"@type":"WebPage","@id":"https:\/\/www.hotellebalze.it\/de\/mehrzweck-sportplatz\/","url":"https:\/\/www.hotellebalze.it\/de\/mehrzweck-sportplatz\/","name":"Mehrzweck-Sportplatz - Hotel Le Balze","isPartOf":{"@id":"https:\/\/www.hotellebalze.it\/de\/#website"},"primaryImageOfPage":{"@id":"https:\/\/www.hotellebalze.it\/de\/mehrzweck-sportplatz\/#primaryimage"},"image":{"@id":"https:\/\/www.hotellebalze.it\/de\/mehrzweck-sportplatz\/#primaryimage"},"thumbnailUrl":"https:\/\/www.hotellebalze.it\/wp-content\/uploads\/2024\/03\/Partita-di-calcio-tennis-allaperto.webp","datePublished":"2024-04-12T08:39:33+00:00","dateModified":"2026-02-17T14:47:54+00:00","description":"F\u00fcr alle Trekking- und Radfahrbegeisterten gibt es zahlreiche Wanderwege, die vom Park des Hotels Le Balze aus zu erkunden sind.","inLanguage":"de","potentialAction":[{"@type":"ReadAction","target":["https:\/\/www.hotellebalze.it\/de\/mehrzweck-sportplatz\/"]}]},{"@type":"ImageObject","inLanguage":"de","@id":"https:\/\/www.hotellebalze.it\/de\/mehrzweck-sportplatz\/#primaryimage","url":"https:\/\/www.hotellebalze.it\/wp-content\/uploads\/2024\/03\/Partita-di-calcio-tennis-allaperto.webp","contentUrl":"https:\/\/www.hotellebalze.it\/wp-content\/uploads\/2024\/03\/Partita-di-calcio-tennis-allaperto.webp","width":1620,"height":1080},{"@type":"WebSite","@id":"https:\/\/www.hotellebalze.it\/de\/#website","url":"https:\/\/www.hotellebalze.it\/de\/","name":"Hotel Le Balze","description":"TREMOSINE SUL GARDA","publisher":{"@id":"https:\/\/www.hotellebalze.it\/de\/#organization"},"potentialAction":[{"@type":"SearchAction","target":{"@type":"EntryPoint","urlTemplate":"https:\/\/www.hotellebalze.it\/de\/?s={search_term_string}"},"query-input":{"@type":"PropertyValueSpecification","valueRequired":true,"valueName":"search_term_string"}}],"inLanguage":"de"},{"@type":"Organization","@id":"https:\/\/www.hotellebalze.it\/de\/#organization","name":"Hotel Le Balze","url":"https:\/\/www.hotellebalze.it\/de\/","logo":{"@type":"ImageObject","inLanguage":"de","@id":"https:\/\/www.hotellebalze.it\/de\/#\/schema\/logo\/image\/","url":"https:\/\/www.hotellebalze.it\/wp-content\/uploads\/2024\/03\/hotel-le-balze.png","contentUrl":"https:\/\/www.hotellebalze.it\/wp-content\/uploads\/2024\/03\/hotel-le-balze.png","width":1200,"height":244,"caption":"Hotel Le Balze"},"image":{"@id":"https:\/\/www.hotellebalze.it\/de\/#\/schema\/logo\/image\/"}}]}},"coauthors":[],"author_meta":{"author_link":"https:\/\/www.hotellebalze.it\/de\/author\/marcop-flcmakiop\/","display_name":"Marco Perinel"},"relative_dates":{"created":"Posted 2\u00a0Jahren ago","modified":"Updated 2\u00a0Monaten ago"},"absolute_dates":{"created":"Posted on 12. April 2024","modified":"Updated on 17. Februar 2026"},"absolute_dates_time":{"created":"Posted on 12. April 2024 10:39","modified":"Updated on 17. Februar 2026 15:47"},"featured_img_caption":"","featured_img":"https:\/\/www.hotellebalze.it\/wp-content\/uploads\/2024\/03\/Partita-di-calcio-tennis-allaperto-1200x800.webp","series_order":"","_links":{"self":[{"href":"https:\/\/www.hotellebalze.it\/de\/wp-json\/wp\/v2\/pages\/9437","targetHints":{"allow":["GET"]}}],"collection":[{"href":"https:\/\/www.hotellebalze.it\/de\/wp-json\/wp\/v2\/pages"}],"about":[{"href":"https:\/\/www.hotellebalze.it\/de\/wp-json\/wp\/v2\/types\/page"}],"author":[{"embeddable":true,"href":"https:\/\/www.hotellebalze.it\/de\/wp-json\/wp\/v2\/users\/8"}],"replies":[{"embeddable":true,"href":"https:\/\/www.hotellebalze.it\/de\/wp-json\/wp\/v2\/comments?post=9437"}],"version-history":[{"count":11,"href":"https:\/\/www.hotellebalze.it\/de\/wp-json\/wp\/v2\/pages\/9437\/revisions"}],"predecessor-version":[{"id":14477,"href":"https:\/\/www.hotellebalze.it\/de\/wp-json\/wp\/v2\/pages\/9437\/revisions\/14477"}],"wp:featuredmedia":[{"embeddable":true,"href":"https:\/\/www.hotellebalze.it\/de\/wp-json\/wp\/v2\/media\/9094"}],"wp:attachment":[{"href":"https:\/\/www.hotellebalze.it\/de\/wp-json\/wp\/v2\/media?parent=9437"}],"curies":[{"name":"wp","href":"https:\/\/api.w.org\/{rel}","templated":true}]}}