{"id":9417,"date":"2024-04-12T10:39:24","date_gmt":"2024-04-12T08:39:24","guid":{"rendered":"https:\/\/www.hotellebalze.it\/tennis-am-gardasee\/"},"modified":"2026-02-17T16:33:55","modified_gmt":"2026-02-17T15:33:55","slug":"tennis-am-gardasee","status":"publish","type":"page","link":"https:\/\/www.hotellebalze.it\/de\/tennis-am-gardasee\/","title":{"rendered":"Tennis am Gardasee"},"content":{"rendered":"<div  class=\"grids-section four-images-row grids-is-advanced alignwide\" style=\"--_gs-gap-desktop:0px 0px;--_gs-m-desktop:0px 0 0px 0;--_gs-p-desktop:0 0 0 0;--_gs-bg-desktop:transparent none;--_gs-bg-xp-desktop:0px;--_gs-zi-desktop:1;--_gs-d-desktop:block;--_gs-mw-desktop:calc(100% - 0 - 0);--_gs-gap-tablet:0px 0px;--_gs-m-tablet:0px 0 0px 0;--_gs-p-tablet:0 0 0 0;--_gs-bg-tablet:transparent none;--_gs-bg-xp-tablet:0px;--_gs-zi-tablet:1;--_gs-d-tablet:block;--_gs-mw-tablet:calc(100% - 0 - 0);--_gs-gap-mobile:0px 0px;--_gs-m-mobile:0px 0 0px 0;--_gs-p-mobile:0 0 0 0;--_gs-bg-mobile:#ffffff none;--_gs-bg-xp-mobile:0px;--_gs-zi-mobile:1;--_gs-d-mobile:block;--_gs-mw-mobile:calc(100% - 0 - 0);--_gs-columns:12;--_gs-rows:6\"><div class=\"grids-s-w_i\">\n<div class=\"grids-area\" style=\"--_ga-column:1\/8;--_ga-row:1\/7;--_ga-m-desktop:0 15px 0 0;--_ga-p-desktop:0 60px 0 0;--_ga-bg-desktop:transparent none;--_ga-zi-desktop:auto;--_ga-d-desktop:flex;--_ga-mw-desktop:calc(100% - 0 - 15px);--_ga-m-tablet:0 15px 0 0;--_ga-p-tablet:20px 20px 20px 20px;--_ga-bg-tablet:transparent none;--_ga-zi-tablet:auto;--_ga-d-tablet:flex;--_ga-mw-tablet:calc(100% - 0 - 15px);--_ga-m-mobile:0 15px 0 0;--_ga-p-mobile:20px 20px 20px 20px;--_ga-bg-mobile:transparent none;--_ga-zi-mobile:auto;--_ga-d-mobile:flex;--_ga-mw-mobile:calc(100% - 0 - 15px)\">\n\n<div style=\"height:14px\" aria-hidden=\"true\" class=\"wp-block-spacer\"><\/div>\n\n\n\n<div style=\"height:15px\" aria-hidden=\"true\" class=\"wp-block-spacer\"><\/div>\n\n\n\n<h1 class=\"wp-block-heading has-text-align-left\">Tennis am Gardasee<\/h1>\n\n\n\n<p>Willkommen in der exklusiven Welt des Tennis bei Garda Tennis, wo die Kunst dieser Sportart mit dem Luxus eines unvergesslichen Urlaubs verschmilzt.<\/p>\n\n\n\n<p>Wir freuen uns, unseren Hotelg\u00e4sten die einzigartige Gelegenheit zu bieten, in den Tennissport einzutauchen und ihren Aufenthalt mit hochwertigen sportlichen Erfahrungen zu bereichern.<\/p>\n\n\n\n<p>In einer einladenden und raffinierten Atmosph\u00e4re wird unser Tennis Center die perfekte Kulisse, um die Leidenschaft f\u00fcr diesen Sport zu kultivieren und unvergessliche Erinnerungen zu schaffen.<\/p>\n\n\n\n<div class=\"wp-block-buttons is-layout-flex wp-block-buttons-is-layout-flex\">\n<div class=\"wp-block-button\"><a class=\"wp-block-button__link wp-element-button\" href=\"https:\/\/www.gardatennis.com\/de\/\" target=\"_blank\" rel=\"noreferrer noopener\">DAS TENNIS CENTER ENTDECKEN<\/a><\/div>\n<\/div>\n\n<\/div>\n\n<div class=\"grids-area div-y-stretched\" style=\"--_ga-column:10\/13;--_ga-row:1\/4;--_ga-va:flex-end;--_ga-m-desktop:0 0 0 0;--_ga-p-desktop:0 0 0 0;--_ga-bg-desktop:transparent none;--_ga-zi-desktop:auto;--_ga-d-desktop:flex;--_ga-mw-desktop:calc(100% - 0 - 0);--_ga-m-tablet:0 0 0 0;--_ga-p-tablet:0 0 0 0;--_ga-bg-tablet:transparent none;--_ga-zi-tablet:auto;--_ga-d-tablet:flex;--_ga-mw-tablet:calc(100% - 0 - 0);--_ga-m-mobile:0 0 0 0;--_ga-p-mobile:0 0 0 0;--_ga-bg-mobile:transparent none;--_ga-zi-mobile:auto;--_ga-d-mobile:flex;--_ga-mw-mobile:calc(100% - 0 - 0)\">\n\n<figure class=\"wp-block-image size-full full-width\"><img decoding=\"async\" width=\"720\" height=\"1080\" src=\"https:\/\/www.hotellebalze.it\/wp-content\/uploads\/2024\/03\/Uomo-serve-a-tennis.webp\" alt=\"Tennisspieler schl\u00e4gt auf einem Sandplatz auf.\" class=\"wp-image-8965\" style=\"object-fit:cover\" srcset=\"https:\/\/www.hotellebalze.it\/wp-content\/uploads\/2024\/03\/Uomo-serve-a-tennis.webp 720w, https:\/\/www.hotellebalze.it\/wp-content\/uploads\/2024\/03\/Uomo-serve-a-tennis-200x300.webp 200w, https:\/\/www.hotellebalze.it\/wp-content\/uploads\/2024\/03\/Uomo-serve-a-tennis-683x1024.webp 683w\" sizes=\"(max-width: 720px) 100vw, 720px\" \/><\/figure>\n\n<\/div>\n\n<div class=\"grids-area div-x-stretched\" style=\"--_ga-column:8\/10;--_ga-row:2\/4;--_ga-va:flex-end;--_ga-m-desktop:0 0 0 0;--_ga-p-desktop:0 0 0 0;--_ga-bg-desktop:transparent none;--_ga-zi-desktop:auto;--_ga-d-desktop:flex;--_ga-mw-desktop:calc(100% - 0 - 0);--_ga-m-tablet:0 0 0 0;--_ga-p-tablet:0 0 0 0;--_ga-bg-tablet:transparent none;--_ga-zi-tablet:auto;--_ga-d-tablet:flex;--_ga-mw-tablet:calc(100% - 0 - 0);--_ga-m-mobile:0 0 0 0;--_ga-p-mobile:0 0 0 0;--_ga-bg-mobile:transparent none;--_ga-zi-mobile:auto;--_ga-d-mobile:flex;--_ga-mw-mobile:calc(100% - 0 - 0)\">\n\n<figure class=\"wp-block-image size-large full-width\"><img decoding=\"async\" width=\"1024\" height=\"681\" src=\"https:\/\/www.hotellebalze.it\/wp-content\/uploads\/2024\/03\/Campi-da-tennis-dallalto-1024x681.webp\" alt=\"Luftaufnahme der roten Tennispl\u00e4tze und der Vegetation.\" class=\"wp-image-8977\" srcset=\"https:\/\/www.hotellebalze.it\/wp-content\/uploads\/2024\/03\/Campi-da-tennis-dallalto-1024x681.webp 1024w, https:\/\/www.hotellebalze.it\/wp-content\/uploads\/2024\/03\/Campi-da-tennis-dallalto-300x200.webp 300w, https:\/\/www.hotellebalze.it\/wp-content\/uploads\/2024\/03\/Campi-da-tennis-dallalto-768x511.webp 768w, https:\/\/www.hotellebalze.it\/wp-content\/uploads\/2024\/03\/Campi-da-tennis-dallalto-1536x1022.webp 1536w, https:\/\/www.hotellebalze.it\/wp-content\/uploads\/2024\/03\/Campi-da-tennis-dallalto-1200x799.webp 1200w, https:\/\/www.hotellebalze.it\/wp-content\/uploads\/2024\/03\/Campi-da-tennis-dallalto.webp 1623w\" sizes=\"(max-width: 1024px) 100vw, 1024px\" \/><\/figure>\n\n<\/div>\n\n<div class=\"grids-area div-y-stretched\" style=\"--_ga-column:8\/11;--_ga-row:4\/7;--_ga-m-desktop:0 0 0 0;--_ga-p-desktop:0 0 0 0;--_ga-bg-desktop:transparent none;--_ga-zi-desktop:auto;--_ga-d-desktop:flex;--_ga-mw-desktop:calc(100% - 0 - 0);--_ga-m-tablet:0 0 0 0;--_ga-p-tablet:0 0 0 0;--_ga-bg-tablet:transparent none;--_ga-zi-tablet:auto;--_ga-d-tablet:flex;--_ga-mw-tablet:calc(100% - 0 - 0);--_ga-m-mobile:0 0 0 0;--_ga-p-mobile:0 0 0 0;--_ga-bg-mobile:transparent none;--_ga-zi-mobile:auto;--_ga-d-mobile:flex;--_ga-mw-mobile:calc(100% - 0 - 0)\">\n\n<figure class=\"wp-block-image size-full full-width\"><img decoding=\"async\" width=\"720\" height=\"1080\" src=\"https:\/\/www.hotellebalze.it\/wp-content\/uploads\/2024\/03\/Uomo-e-racchetta-su-campo-da-tennis.webp\" alt=\"Tennisspieler auf Sandpl\u00e4tzen.\" class=\"wp-image-8968\" srcset=\"https:\/\/www.hotellebalze.it\/wp-content\/uploads\/2024\/03\/Uomo-e-racchetta-su-campo-da-tennis.webp 720w, https:\/\/www.hotellebalze.it\/wp-content\/uploads\/2024\/03\/Uomo-e-racchetta-su-campo-da-tennis-200x300.webp 200w, https:\/\/www.hotellebalze.it\/wp-content\/uploads\/2024\/03\/Uomo-e-racchetta-su-campo-da-tennis-683x1024.webp 683w\" sizes=\"(max-width: 720px) 100vw, 720px\" \/><\/figure>\n\n<\/div>\n\n<div class=\"grids-area div-x-stretched\" style=\"--_ga-column:11\/13;--_ga-row:4\/6;--_ga-m-desktop:0 0 0 0;--_ga-p-desktop:0 0 0 0;--_ga-bg-desktop:transparent none;--_ga-zi-desktop:auto;--_ga-d-desktop:flex;--_ga-mw-desktop:calc(100% - 0 - 0);--_ga-m-tablet:0 0 0 0;--_ga-p-tablet:0 0 0 0;--_ga-bg-tablet:transparent none;--_ga-zi-tablet:auto;--_ga-d-tablet:flex;--_ga-mw-tablet:calc(100% - 0 - 0);--_ga-m-mobile:0 0 0 0;--_ga-p-mobile:0 0 0 0;--_ga-bg-mobile:transparent none;--_ga-zi-mobile:auto;--_ga-d-mobile:flex;--_ga-mw-mobile:calc(100% - 0 - 0)\">\n\n<figure class=\"wp-block-image size-large full-width\"><img decoding=\"async\" width=\"1024\" height=\"684\" src=\"https:\/\/www.hotellebalze.it\/wp-content\/uploads\/2024\/03\/Campo-da-tennis-con-persone-1024x684.webp\" alt=\"Tennisplatz im Freien mit Spielern und Bergen.\" class=\"wp-image-8971\" style=\"object-fit:cover\" srcset=\"https:\/\/www.hotellebalze.it\/wp-content\/uploads\/2024\/03\/Campo-da-tennis-con-persone-1024x684.webp 1024w, https:\/\/www.hotellebalze.it\/wp-content\/uploads\/2024\/03\/Campo-da-tennis-con-persone-300x200.webp 300w, https:\/\/www.hotellebalze.it\/wp-content\/uploads\/2024\/03\/Campo-da-tennis-con-persone-768x513.webp 768w, https:\/\/www.hotellebalze.it\/wp-content\/uploads\/2024\/03\/Campo-da-tennis-con-persone-1536x1025.webp 1536w, https:\/\/www.hotellebalze.it\/wp-content\/uploads\/2024\/03\/Campo-da-tennis-con-persone-1200x801.webp 1200w, https:\/\/www.hotellebalze.it\/wp-content\/uploads\/2024\/03\/Campo-da-tennis-con-persone.webp 1618w\" sizes=\"(max-width: 1024px) 100vw, 1024px\" \/><\/figure>\n\n<\/div>\n<\/div><\/div>\n\n\n<div class=\"conver-widget-v2\"\n     data-instance=\"conver-v2-2\">\n\n  <div class=\"chat-container\" id=\"chat-section\">\n\n    <div class=\"chat-header\">\n      <div class=\"chat-header-logo\">\n        <img decoding=\"async\"\n          src=\"https:\/\/www.hotellebalze.it\/wp-content\/themes\/jampaa\/template-parts\/ricerca-conversazionale-v2\/assets\/img\/logo-ricerca-conv.png\"\n          alt=\"\"\n        >\n        <span>Hallo<\/span>\n      <\/div>\n\n      <h2>Womit fangen wir an?<\/h2>\n    <\/div>\n\n    <!-- Chat -->\n    <div class=\"chat-box\"><\/div>\n\n    <!-- Loading -->\n    <div class=\"loading-conver hidden\" aria-hidden=\"true\">\n      <div class=\"dot\"><\/div><div class=\"dot\"><\/div><div class=\"dot\"><\/div>\n    <\/div>\n\n    <!-- Input -->\n    <div class=\"input-area-conver-wrapper\">\n      <div class=\"input-area-conver\">\n        <textarea\n          class=\"user-input-conver\"\n          placeholder=\"Stelle eine Frage...\"\n          rows=\"1\"\n        ><\/textarea>\n\n        <div class=\"box-btn-conver\">\n          <a class=\"send-btn-conver\" href=\"#\" role=\"button\" aria-label=\"AI Search\">\n            <i class=\"fa-light fa-magnifying-glass icon-search\" aria-hidden=\"true\"><\/i>\n            <i class=\"fa-regular fa-arrow-up icon-send hidden\" aria-hidden=\"true\"><\/i>\n            <span class=\"ai-search-text\">AI Search<\/span>\n          <\/a>\n\n          <i class=\"fa-light fa-close icon-erase hidden\" aria-hidden=\"true\"><\/i>\n        <\/div>\n      <\/div>\n    <\/div>\n    <span class=\"show-quick-questions hidden\">Zeige schnelle Fragen<\/span>\n\n    <!-- Domande rapide -->\n    <div class=\"entry-chats-wrapper\">\n      <button type=\"button\" class=\"entry-chat\" data-prompt=\"Ein Zimmer f\u00fcr zwei Personen buchen\">\n        Ein Zimmer f\u00fcr zwei Personen buchen      <\/button>\n\n      <button type=\"button\" class=\"entry-chat\" data-prompt=\"Sonderangebote entdecken\">\n        Sonderangebote entdecken      <\/button>\n\n      <button type=\"button\" class=\"entry-chat\" data-prompt=\"Zimmer entdecken\">\n        Zimmer entdecken      <\/button>\n\n      <button type=\"button\" class=\"entry-chat\" data-prompt=\"Wellnesscenter \u2018La Dolce Vita\u2019 entdecken\">\n        Wellnesscenter \u2018La Dolce Vita\u2019 entdecken      <\/button>\n    <\/div>\n\n  <\/div>\n<\/div>\n\n\n<div  class=\"grids-section grids-is-advanced alignfull\" style=\"--_gs-gap-desktop:0px 0px;--_gs-m-desktop:0px 0 0 0;--_gs-p-desktop:0 0 0 0;--_gs-bg-desktop:transparent none;--_gs-bg-xp-desktop:0px;--_gs-zi-desktop:auto;--_gs-d-desktop:block;--_gs-mw-desktop:calc(100% - 0 - 0);--_gs-gap-tablet:0px 0px;--_gs-m-tablet:0px 0 0 0;--_gs-p-tablet:0 0 0 0;--_gs-bg-tablet:transparent none;--_gs-bg-xp-tablet:0px;--_gs-zi-tablet:auto;--_gs-d-tablet:block;--_gs-mw-tablet:calc(100% - 0 - 0);--_gs-gap-mobile:0px 0px;--_gs-m-mobile:0px 0 -250px 0;--_gs-p-mobile:0 0 0 0;--_gs-bg-mobile:transparent none;--_gs-bg-xp-mobile:0px;--_gs-zi-mobile:auto;--_gs-d-mobile:block;--_gs-mw-mobile:calc(100% - 0 - 0);--_gs-columns:12;--_gs-rows:6\"><div class=\"grids-s-w_i\">\n<div class=\"grids-area hide-bg\" style=\"--_ga-column:1\/13;--_ga-row:1\/7;--_ga-m-desktop:0 0 0 0;--_ga-p-desktop:0 0 0 0;--_ga-bg-desktop:transparent url(https:\/\/www.hotellebalze.it\/wp-content\/uploads\/2024\/03\/Campi-da-tennis-in-natura-1.webp) no-repeat 50% 50%  \/ cover;--_ga-zi-desktop:auto;--_ga-d-desktop:flex;--_ga-mw-desktop:calc(100% - 0 - 0);--_ga-m-tablet:0 0 0 0;--_ga-p-tablet:0 0 0 0;--_ga-bg-tablet:transparent url(https:\/\/www.hotellebalze.it\/wp-content\/uploads\/2024\/03\/Campi-da-tennis-in-natura-1.webp) no-repeat 50% 50%  \/ cover;--_ga-zi-tablet:auto;--_ga-d-tablet:flex;--_ga-mw-tablet:calc(100% - 0 - 0);--_ga-m-mobile:0 0 0 0;--_ga-p-mobile:0 0 0 0;--_ga-bg-mobile:transparent url(https:\/\/www.hotellebalze.it\/wp-content\/uploads\/2024\/03\/Campi-da-tennis-in-natura-1.webp) no-repeat 50% 50%  \/ cover;--_ga-zi-mobile:auto;--_ga-d-mobile:flex;--_ga-mw-mobile:calc(100% - 0 - 0)\">\n\n<div style=\"height:100px\" aria-hidden=\"true\" class=\"wp-block-spacer\"><\/div>\n\n<\/div>\n\n<div class=\"grids-area\" style=\"--_ga-column:7\/12;--_ga-row:2\/6;--_ga-va:center;--_ga-m-desktop:0 0 0 0;--_ga-p-desktop:40px 40px 40px 40px;--_ga-bg-desktop:#ffffff none;--_ga-zi-desktop:auto;--_ga-d-desktop:flex;--_ga-mw-desktop:calc(100% - 0 - 0);--_ga-m-tablet:0 0 0 0;--_ga-p-tablet:40px 40px 40px 40px;--_ga-bg-tablet:#ffffff none;--_ga-zi-tablet:auto;--_ga-d-tablet:flex;--_ga-mw-tablet:calc(100% - 0 - 0);--_ga-m-mobile:0 30px 0 30px;--_ga-p-mobile:40px 12px 12px 12px;--_ga-bg-mobile:#ffffff none;--_ga-zi-mobile:auto;--_ga-d-mobile:flex;--_ga-mw-mobile:calc(100% - 30px - 30px)\">\n\n<p class=\"has-larger-font-size\">Tenniskurse<\/p>\n\n\n\n<p>F\u00fcr unsere Hotelg\u00e4ste bieten wir Tenniskurse nach Ma\u00df, abgehalten von erfahrenen Trainern, die sich an das Spielniveau der einzelnen Teilnehmer anpassen.<br>Entspannen Sie, haben Sie Spa\u00df und entdecken Sie das Vergn\u00fcgen, Tennis zu spielen!<\/p>\n\n\n\n<div class=\"wp-block-buttons is-layout-flex wp-block-buttons-is-layout-flex\">\n<div class=\"wp-block-button\"><a class=\"wp-block-button__link wp-element-button\" href=\"https:\/\/www.gardatennis.com\/de\/tennis-kurse\/\" target=\"_blank\" rel=\"noreferrer noopener\">DIE KURSE ENTDECKEN<\/a><\/div>\n<\/div>\n\n<\/div>\n\n<div class=\"grids-area\" style=\"--_ga-column:1\/13;--_ga-row:1\/2;--_ga-m-desktop:0 0 0 0;--_ga-p-desktop:0 0 0 0;--_ga-bg-desktop:transparent none;--_ga-zi-desktop:auto;--_ga-d-desktop:flex;--_ga-mw-desktop:calc(100% - 0 - 0);--_ga-m-tablet:0 0 0 0;--_ga-p-tablet:0 0 0 0;--_ga-bg-tablet:transparent none;--_ga-zi-tablet:auto;--_ga-d-tablet:flex;--_ga-mw-tablet:calc(100% - 0 - 0);--_ga-m-mobile:0 0 0 0;--_ga-p-mobile:0 0 0 0;--_ga-bg-mobile:transparent none;--_ga-zi-mobile:auto;--_ga-d-mobile:flex;--_ga-mw-mobile:calc(100% - 0 - 0)\">\n\n<div style=\"height:100px\" aria-hidden=\"true\" class=\"wp-block-spacer padding-fascia\"><\/div>\n\n<\/div>\n\n<div class=\"grids-area\" style=\"--_ga-column:1\/13;--_ga-row:6\/7;--_ga-m-desktop:0 0 0 0;--_ga-p-desktop:0 0 0 0;--_ga-bg-desktop:transparent none;--_ga-zi-desktop:auto;--_ga-d-desktop:flex;--_ga-mw-desktop:calc(100% - 0 - 0);--_ga-m-tablet:0 0 0 0;--_ga-p-tablet:0 0 0 0;--_ga-bg-tablet:transparent none;--_ga-zi-tablet:auto;--_ga-d-tablet:flex;--_ga-mw-tablet:calc(100% - 0 - 0);--_ga-m-mobile:0 0 0 0;--_ga-p-mobile:0 0 0 0;--_ga-bg-mobile:transparent none;--_ga-zi-mobile:auto;--_ga-d-mobile:flex;--_ga-mw-mobile:calc(100% - 0 - 0)\">\n\n<div style=\"height:100px\" aria-hidden=\"true\" class=\"wp-block-spacer padding-fascia\"><\/div>\n\n<\/div>\n<\/div><\/div>","protected":false},"excerpt":{"rendered":"","protected":false},"author":8,"featured_media":10802,"parent":0,"menu_order":0,"comment_status":"closed","ping_status":"closed","template":"templates\/template-full-width.php","meta":{"_acf_changed":false,"advgb_blocks_editor_width":"","advgb_blocks_columns_visual_guide":"","footnotes":""},"class_list":["post-9417","page","type-page","status-publish","has-post-thumbnail","hentry"],"acf":[],"yoast_head":"<!-- This site is optimized with the Yoast SEO plugin v26.9 - https:\/\/yoast.com\/product\/yoast-seo-wordpress\/ -->\n<title>Tennis am Gardasee - Hotel Le Balze Tremosine sul Garda<\/title>\n<meta name=\"description\" content=\"Das Hotel Le Balze - Aktiv &amp; Wellness bietet Tenniskurse f\u00fcr alle Spielst\u00e4rken an, sowohl f\u00fcr gute Spieler als auch f\u00fcr Anf\u00e4nger. 11 Tennispl\u00e4tze, ideal auch zum Training auch am Abend, mit angeschlossener Bar und Restaurant.\" \/>\n<meta name=\"robots\" content=\"index, follow, max-snippet:-1, max-image-preview:large, max-video-preview:-1\" \/>\n<link rel=\"canonical\" href=\"https:\/\/www.hotellebalze.it\/de\/tennis-am-gardasee\/\" \/>\n<meta property=\"og:locale\" content=\"de_DE\" \/>\n<meta property=\"og:type\" content=\"article\" \/>\n<meta property=\"og:title\" content=\"Tennis am Gardasee - Hotel Le Balze Tremosine sul Garda\" \/>\n<meta property=\"og:description\" content=\"Das Hotel Le Balze - Aktiv &amp; Wellness bietet Tenniskurse f\u00fcr alle Spielst\u00e4rken an, sowohl f\u00fcr gute Spieler als auch f\u00fcr Anf\u00e4nger. 11 Tennispl\u00e4tze, ideal auch zum Training auch am Abend, mit angeschlossener Bar und Restaurant.\" \/>\n<meta property=\"og:url\" content=\"https:\/\/www.hotellebalze.it\/de\/tennis-am-gardasee\/\" \/>\n<meta property=\"og:site_name\" content=\"Hotel Le Balze\" \/>\n<meta property=\"article:modified_time\" content=\"2026-02-17T15:33:55+00:00\" \/>\n<meta property=\"og:image\" content=\"https:\/\/www.hotellebalze.it\/wp-content\/uploads\/2024\/04\/Campo-da-tennis-con-persone.webp\" \/>\n\t<meta property=\"og:image:width\" content=\"1952\" \/>\n\t<meta property=\"og:image:height\" content=\"1303\" \/>\n\t<meta property=\"og:image:type\" content=\"image\/webp\" \/>\n<meta name=\"twitter:card\" content=\"summary_large_image\" \/>\n<meta name=\"twitter:label1\" content=\"Gesch\u00e4tzte Lesezeit\" \/>\n\t<meta name=\"twitter:data1\" content=\"2\u00a0Minuten\" \/>\n<script type=\"application\/ld+json\" class=\"yoast-schema-graph\">{\"@context\":\"https:\/\/schema.org\",\"@graph\":[{\"@type\":\"WebPage\",\"@id\":\"https:\/\/www.hotellebalze.it\/de\/tennis-am-gardasee\/\",\"url\":\"https:\/\/www.hotellebalze.it\/de\/tennis-am-gardasee\/\",\"name\":\"Tennis am Gardasee - Hotel Le Balze Tremosine sul Garda\",\"isPartOf\":{\"@id\":\"https:\/\/www.hotellebalze.it\/de\/#website\"},\"primaryImageOfPage\":{\"@id\":\"https:\/\/www.hotellebalze.it\/de\/tennis-am-gardasee\/#primaryimage\"},\"image\":{\"@id\":\"https:\/\/www.hotellebalze.it\/de\/tennis-am-gardasee\/#primaryimage\"},\"thumbnailUrl\":\"https:\/\/www.hotellebalze.it\/wp-content\/uploads\/2024\/04\/Campo-da-tennis-con-persone.webp\",\"datePublished\":\"2024-04-12T08:39:24+00:00\",\"dateModified\":\"2026-02-17T15:33:55+00:00\",\"description\":\"Das Hotel Le Balze - Aktiv & Wellness bietet Tenniskurse f\u00fcr alle Spielst\u00e4rken an, sowohl f\u00fcr gute Spieler als auch f\u00fcr Anf\u00e4nger. 11 Tennispl\u00e4tze, ideal auch zum Training auch am Abend, mit angeschlossener Bar und Restaurant.\",\"inLanguage\":\"de\",\"potentialAction\":[{\"@type\":\"ReadAction\",\"target\":[\"https:\/\/www.hotellebalze.it\/de\/tennis-am-gardasee\/\"]}]},{\"@type\":\"ImageObject\",\"inLanguage\":\"de\",\"@id\":\"https:\/\/www.hotellebalze.it\/de\/tennis-am-gardasee\/#primaryimage\",\"url\":\"https:\/\/www.hotellebalze.it\/wp-content\/uploads\/2024\/04\/Campo-da-tennis-con-persone.webp\",\"contentUrl\":\"https:\/\/www.hotellebalze.it\/wp-content\/uploads\/2024\/04\/Campo-da-tennis-con-persone.webp\",\"width\":1952,\"height\":1303},{\"@type\":\"WebSite\",\"@id\":\"https:\/\/www.hotellebalze.it\/de\/#website\",\"url\":\"https:\/\/www.hotellebalze.it\/de\/\",\"name\":\"Hotel Le Balze\",\"description\":\"TREMOSINE SUL GARDA\",\"publisher\":{\"@id\":\"https:\/\/www.hotellebalze.it\/de\/#organization\"},\"potentialAction\":[{\"@type\":\"SearchAction\",\"target\":{\"@type\":\"EntryPoint\",\"urlTemplate\":\"https:\/\/www.hotellebalze.it\/de\/?s={search_term_string}\"},\"query-input\":{\"@type\":\"PropertyValueSpecification\",\"valueRequired\":true,\"valueName\":\"search_term_string\"}}],\"inLanguage\":\"de\"},{\"@type\":\"Organization\",\"@id\":\"https:\/\/www.hotellebalze.it\/de\/#organization\",\"name\":\"Hotel Le Balze\",\"url\":\"https:\/\/www.hotellebalze.it\/de\/\",\"logo\":{\"@type\":\"ImageObject\",\"inLanguage\":\"de\",\"@id\":\"https:\/\/www.hotellebalze.it\/de\/#\/schema\/logo\/image\/\",\"url\":\"https:\/\/www.hotellebalze.it\/wp-content\/uploads\/2024\/03\/hotel-le-balze.png\",\"contentUrl\":\"https:\/\/www.hotellebalze.it\/wp-content\/uploads\/2024\/03\/hotel-le-balze.png\",\"width\":1200,\"height\":244,\"caption\":\"Hotel Le Balze\"},\"image\":{\"@id\":\"https:\/\/www.hotellebalze.it\/de\/#\/schema\/logo\/image\/\"}}]}<\/script>\n<!-- \/ Yoast SEO plugin. -->","yoast_head_json":{"title":"Tennis am Gardasee - Hotel Le Balze Tremosine sul Garda","description":"Das Hotel Le Balze - Aktiv & Wellness bietet Tenniskurse f\u00fcr alle Spielst\u00e4rken an, sowohl f\u00fcr gute Spieler als auch f\u00fcr Anf\u00e4nger. 11 Tennispl\u00e4tze, ideal auch zum Training auch am Abend, mit angeschlossener Bar und Restaurant.","robots":{"index":"index","follow":"follow","max-snippet":"max-snippet:-1","max-image-preview":"max-image-preview:large","max-video-preview":"max-video-preview:-1"},"canonical":"https:\/\/www.hotellebalze.it\/de\/tennis-am-gardasee\/","og_locale":"de_DE","og_type":"article","og_title":"Tennis am Gardasee - Hotel Le Balze Tremosine sul Garda","og_description":"Das Hotel Le Balze - Aktiv & Wellness bietet Tenniskurse f\u00fcr alle Spielst\u00e4rken an, sowohl f\u00fcr gute Spieler als auch f\u00fcr Anf\u00e4nger. 11 Tennispl\u00e4tze, ideal auch zum Training auch am Abend, mit angeschlossener Bar und Restaurant.","og_url":"https:\/\/www.hotellebalze.it\/de\/tennis-am-gardasee\/","og_site_name":"Hotel Le Balze","article_modified_time":"2026-02-17T15:33:55+00:00","og_image":[{"width":1952,"height":1303,"url":"https:\/\/www.hotellebalze.it\/wp-content\/uploads\/2024\/04\/Campo-da-tennis-con-persone.webp","type":"image\/webp"}],"twitter_card":"summary_large_image","twitter_misc":{"Gesch\u00e4tzte Lesezeit":"2\u00a0Minuten"},"schema":{"@context":"https:\/\/schema.org","@graph":[{"@type":"WebPage","@id":"https:\/\/www.hotellebalze.it\/de\/tennis-am-gardasee\/","url":"https:\/\/www.hotellebalze.it\/de\/tennis-am-gardasee\/","name":"Tennis am Gardasee - Hotel Le Balze Tremosine sul Garda","isPartOf":{"@id":"https:\/\/www.hotellebalze.it\/de\/#website"},"primaryImageOfPage":{"@id":"https:\/\/www.hotellebalze.it\/de\/tennis-am-gardasee\/#primaryimage"},"image":{"@id":"https:\/\/www.hotellebalze.it\/de\/tennis-am-gardasee\/#primaryimage"},"thumbnailUrl":"https:\/\/www.hotellebalze.it\/wp-content\/uploads\/2024\/04\/Campo-da-tennis-con-persone.webp","datePublished":"2024-04-12T08:39:24+00:00","dateModified":"2026-02-17T15:33:55+00:00","description":"Das Hotel Le Balze - Aktiv & Wellness bietet Tenniskurse f\u00fcr alle Spielst\u00e4rken an, sowohl f\u00fcr gute Spieler als auch f\u00fcr Anf\u00e4nger. 11 Tennispl\u00e4tze, ideal auch zum Training auch am Abend, mit angeschlossener Bar und Restaurant.","inLanguage":"de","potentialAction":[{"@type":"ReadAction","target":["https:\/\/www.hotellebalze.it\/de\/tennis-am-gardasee\/"]}]},{"@type":"ImageObject","inLanguage":"de","@id":"https:\/\/www.hotellebalze.it\/de\/tennis-am-gardasee\/#primaryimage","url":"https:\/\/www.hotellebalze.it\/wp-content\/uploads\/2024\/04\/Campo-da-tennis-con-persone.webp","contentUrl":"https:\/\/www.hotellebalze.it\/wp-content\/uploads\/2024\/04\/Campo-da-tennis-con-persone.webp","width":1952,"height":1303},{"@type":"WebSite","@id":"https:\/\/www.hotellebalze.it\/de\/#website","url":"https:\/\/www.hotellebalze.it\/de\/","name":"Hotel Le Balze","description":"TREMOSINE SUL GARDA","publisher":{"@id":"https:\/\/www.hotellebalze.it\/de\/#organization"},"potentialAction":[{"@type":"SearchAction","target":{"@type":"EntryPoint","urlTemplate":"https:\/\/www.hotellebalze.it\/de\/?s={search_term_string}"},"query-input":{"@type":"PropertyValueSpecification","valueRequired":true,"valueName":"search_term_string"}}],"inLanguage":"de"},{"@type":"Organization","@id":"https:\/\/www.hotellebalze.it\/de\/#organization","name":"Hotel Le Balze","url":"https:\/\/www.hotellebalze.it\/de\/","logo":{"@type":"ImageObject","inLanguage":"de","@id":"https:\/\/www.hotellebalze.it\/de\/#\/schema\/logo\/image\/","url":"https:\/\/www.hotellebalze.it\/wp-content\/uploads\/2024\/03\/hotel-le-balze.png","contentUrl":"https:\/\/www.hotellebalze.it\/wp-content\/uploads\/2024\/03\/hotel-le-balze.png","width":1200,"height":244,"caption":"Hotel Le Balze"},"image":{"@id":"https:\/\/www.hotellebalze.it\/de\/#\/schema\/logo\/image\/"}}]}},"coauthors":[],"author_meta":{"author_link":"https:\/\/www.hotellebalze.it\/de\/author\/marcop-flcmakiop\/","display_name":"Marco Perinel"},"relative_dates":{"created":"Posted 2\u00a0Jahren ago","modified":"Updated 2\u00a0Monaten ago"},"absolute_dates":{"created":"Posted on 12. April 2024","modified":"Updated on 17. Februar 2026"},"absolute_dates_time":{"created":"Posted on 12. April 2024 10:39","modified":"Updated on 17. Februar 2026 16:33"},"featured_img_caption":"","featured_img":"https:\/\/www.hotellebalze.it\/wp-content\/uploads\/2024\/04\/Campo-da-tennis-con-persone-1200x801.webp","series_order":"","_links":{"self":[{"href":"https:\/\/www.hotellebalze.it\/de\/wp-json\/wp\/v2\/pages\/9417","targetHints":{"allow":["GET"]}}],"collection":[{"href":"https:\/\/www.hotellebalze.it\/de\/wp-json\/wp\/v2\/pages"}],"about":[{"href":"https:\/\/www.hotellebalze.it\/de\/wp-json\/wp\/v2\/types\/page"}],"author":[{"embeddable":true,"href":"https:\/\/www.hotellebalze.it\/de\/wp-json\/wp\/v2\/users\/8"}],"replies":[{"embeddable":true,"href":"https:\/\/www.hotellebalze.it\/de\/wp-json\/wp\/v2\/comments?post=9417"}],"version-history":[{"count":13,"href":"https:\/\/www.hotellebalze.it\/de\/wp-json\/wp\/v2\/pages\/9417\/revisions"}],"predecessor-version":[{"id":14537,"href":"https:\/\/www.hotellebalze.it\/de\/wp-json\/wp\/v2\/pages\/9417\/revisions\/14537"}],"wp:featuredmedia":[{"embeddable":true,"href":"https:\/\/www.hotellebalze.it\/de\/wp-json\/wp\/v2\/media\/10802"}],"wp:attachment":[{"href":"https:\/\/www.hotellebalze.it\/de\/wp-json\/wp\/v2\/media?parent=9417"}],"curies":[{"name":"wp","href":"https:\/\/api.w.org\/{rel}","templated":true}]}}