{"id":14995,"date":"2026-02-11T17:28:45","date_gmt":"2026-02-11T16:28:45","guid":{"rendered":"https:\/\/www.hotellebalze.it\/hai-vinto\/"},"modified":"2026-04-09T14:39:57","modified_gmt":"2026-04-09T12:39:57","slug":"hai-vinto","status":"publish","type":"page","link":"https:\/\/www.hotellebalze.it\/de\/hai-vinto\/","title":{"rendered":"Hai vinto"},"content":{"rendered":"<div  class=\"grids-section grids-is-advanced alignwide\" style=\"--_gs-gap-desktop:0px 0px;--_gs-m-desktop:0 0 0 0;--_gs-p-desktop:0 0 0 0;--_gs-bg-desktop:transparent none;--_gs-bg-xp-desktop:0px;--_gs-zi-desktop:auto;--_gs-d-desktop:block;--_gs-mw-desktop:calc(100% - 0 - 0);--_gs-gap-tablet:0px 0px;--_gs-m-tablet:0 0 0 0;--_gs-p-tablet:0 0 0 0;--_gs-bg-tablet:transparent none;--_gs-bg-xp-tablet:0px;--_gs-zi-tablet:auto;--_gs-d-tablet:block;--_gs-mw-tablet:calc(100% - 0 - 0);--_gs-gap-mobile:0px 0px;--_gs-m-mobile:0 0 0 0;--_gs-p-mobile:0 0 0 0;--_gs-bg-mobile:transparent none;--_gs-bg-xp-mobile:0px;--_gs-zi-mobile:auto;--_gs-d-mobile:block;--_gs-mw-mobile:calc(100% - 0 - 0);--_gs-columns:12;--_gs-rows:6\"><div class=\"grids-s-w_i\">\n<div class=\"grids-area\" style=\"--_ga-column:3\/11;--_ga-row:1\/7;--_ga-va:center;--_ga-m-desktop:0 0 0 0;--_ga-p-desktop:0 0 0 0;--_ga-bg-desktop:transparent none;--_ga-zi-desktop:auto;--_ga-d-desktop:flex;--_ga-mw-desktop:calc(100% - 0 - 0);--_ga-m-tablet:0 0 0 0;--_ga-p-tablet:0 0 0 0;--_ga-bg-tablet:transparent none;--_ga-zi-tablet:auto;--_ga-d-tablet:flex;--_ga-mw-tablet:calc(100% - 0 - 0);--_ga-m-mobile:0 0 0 0;--_ga-p-mobile:0 0 0 0;--_ga-bg-mobile:transparent none;--_ga-zi-mobile:auto;--_ga-d-mobile:flex;--_ga-mw-mobile:calc(100% - 0 - 0)\">\n\n<h1 class=\"wp-block-heading has-text-align-center\">Herzlichen Gl\u00fcckwunsch!<\/h1>\n\n\n\n<p class=\"has-text-align-center\">Jetzt m\u00fcssen Sie nur noch Ihre E-Mail-Adresse unten eingeben.<br>In K\u00fcrze erhalten Sie eine E-Mail mit einem exklusiven Rabattcode f\u00fcr ein unvergesslich magisches Erlebnis.<\/p>\n\n\n\n<div style=\"height:20px\" aria-hidden=\"true\" class=\"wp-block-spacer\"><\/div>\n\n\n\n<div class=\"wpcf7 no-js\" id=\"wpcf7-f15044-o1\" lang=\"it-IT\" dir=\"ltr\" data-wpcf7-id=\"15044\">\n<div class=\"screen-reader-response\"><p role=\"status\" aria-live=\"polite\" aria-atomic=\"true\"><\/p> <ul><\/ul><\/div>\n<form action=\"\/de\/wp-json\/wp\/v2\/pages\/14995#wpcf7-f15044-o1\" method=\"post\" class=\"wpcf7-form init\" aria-label=\"Modulo di contatto\" novalidate=\"novalidate\" data-status=\"init\">\n<fieldset class=\"hidden-fields-container\"><input type=\"hidden\" name=\"_wpcf7\" value=\"15044\" \/><input type=\"hidden\" name=\"_wpcf7_version\" value=\"6.1.5\" \/><input type=\"hidden\" name=\"_wpcf7_locale\" value=\"it_IT\" \/><input type=\"hidden\" name=\"_wpcf7_unit_tag\" value=\"wpcf7-f15044-o1\" \/><input type=\"hidden\" name=\"_wpcf7_container_post\" value=\"0\" \/><input type=\"hidden\" name=\"_wpcf7_posted_data_hash\" value=\"\" \/>\n<\/fieldset>\n<div class=\"container-form-newsletter\">\n\t<p><label class=\"label-email\"><br \/>\n<span class=\"wpcf7-form-control-wrap\" data-name=\"email_1\"><input size=\"40\" maxlength=\"400\" class=\"wpcf7-form-control wpcf7-email wpcf7-validates-as-required wpcf7-text wpcf7-validates-as-email\" aria-required=\"true\" aria-invalid=\"false\" value=\"\" type=\"email\" name=\"email_1\" \/><\/span> <\/label><br \/>\n<span class=\"wpcf7-form-control-wrap\" data-name=\"gdpr_marketing\"><span class=\"wpcf7-form-control wpcf7-acceptance\"><span class=\"wpcf7-list-item\"><label><input type=\"checkbox\" name=\"gdpr_marketing\" value=\"1\" aria-invalid=\"false\" \/><span class=\"wpcf7-list-item-label\">* Ich erm\u00e4chtige zur Verarbeitung meiner personenbezogenen Daten gem\u00e4\u00df dem italienischen Gesetzesdekret 196\/03 und der EU-Verordnung 2016\/679. <a href=\"\/de\/privacy-policy\/\" target=\"_blank\">Datenschutzerkl\u00e4rung<\/a><\/span><\/label><\/span><\/span><\/span><br \/>\n\t<input class=\"wpcf7-form-control wpcf7-hidden\" value=\"DE\" type=\"hidden\" name=\"preferred_language\" \/><br \/>\n\t<input class=\"wpcf7-form-control wpcf7-hidden\" value=\"Newsletter Balze\" type=\"hidden\" name=\"tag1\" \/><br \/>\n<input class=\"wpcf7-form-control wpcf7-submit has-spinner\" type=\"submit\" value=\"Senden\" \/>\n\t<\/p>\n<\/div><input type='hidden' class='wpcf7-pum' value='{\"closepopup\":false,\"closedelay\":0,\"openpopup\":false,\"openpopup_id\":0}' \/><div class=\"wpcf7-response-output\" aria-hidden=\"true\"><\/div>\n<\/form>\n<\/div>\n\n\n\n\n<script>\ndocument.addEventListener('wpcf7mailsent', function (event) {\n    const form = event.target;\n\n    if (form.querySelector('.container-form-newsletter')) {\n        setTimeout(function () {\n            window.location.href = 'https:\/\/www.hotellebalze.it\/de\/thank-you-page\/';\n        }, 2000);\n    }\n}, false);\n<\/script>\n\n<\/div>\n<\/div><\/div>","protected":false},"excerpt":{"rendered":"","protected":false},"author":8,"featured_media":0,"parent":0,"menu_order":0,"comment_status":"closed","ping_status":"closed","template":"","meta":{"_acf_changed":false,"advgb_blocks_editor_width":"","advgb_blocks_columns_visual_guide":"","footnotes":""},"class_list":["post-14995","page","type-page","status-publish","hentry"],"acf":[],"yoast_head":"<!-- This site is optimized with the Yoast SEO plugin v27.4 - https:\/\/yoast.com\/product\/yoast-seo-wordpress\/ -->\n<title>Hai vinto - Hotel Le Balze<\/title>\n<meta name=\"robots\" content=\"index, follow, max-snippet:-1, max-image-preview:large, max-video-preview:-1\" \/>\n<link rel=\"canonical\" href=\"https:\/\/www.hotellebalze.it\/de\/hai-vinto\/\" \/>\n<meta property=\"og:locale\" content=\"de_DE\" \/>\n<meta property=\"og:type\" content=\"article\" \/>\n<meta property=\"og:title\" content=\"Hai vinto - Hotel Le Balze\" \/>\n<meta property=\"og:url\" content=\"https:\/\/www.hotellebalze.it\/de\/hai-vinto\/\" \/>\n<meta property=\"og:site_name\" content=\"Hotel Le Balze\" \/>\n<meta property=\"article:modified_time\" content=\"2026-04-09T12:39:57+00:00\" \/>\n<meta name=\"twitter:card\" content=\"summary_large_image\" \/>\n<meta name=\"twitter:label1\" content=\"Gesch\u00e4tzte Lesezeit\" \/>\n\t<meta name=\"twitter:data1\" content=\"1\u00a0Minute\" \/>\n<script type=\"application\/ld+json\" class=\"yoast-schema-graph\">{\"@context\":\"https:\\\/\\\/schema.org\",\"@graph\":[{\"@type\":\"WebPage\",\"@id\":\"https:\\\/\\\/www.hotellebalze.it\\\/de\\\/hai-vinto\\\/\",\"url\":\"https:\\\/\\\/www.hotellebalze.it\\\/de\\\/hai-vinto\\\/\",\"name\":\"Hai vinto - Hotel Le Balze\",\"isPartOf\":{\"@id\":\"https:\\\/\\\/www.hotellebalze.it\\\/de\\\/#website\"},\"datePublished\":\"2026-02-11T16:28:45+00:00\",\"dateModified\":\"2026-04-09T12:39:57+00:00\",\"inLanguage\":\"de\",\"potentialAction\":[{\"@type\":\"ReadAction\",\"target\":[\"https:\\\/\\\/www.hotellebalze.it\\\/de\\\/hai-vinto\\\/\"]}]},{\"@type\":\"WebSite\",\"@id\":\"https:\\\/\\\/www.hotellebalze.it\\\/de\\\/#website\",\"url\":\"https:\\\/\\\/www.hotellebalze.it\\\/de\\\/\",\"name\":\"Hotel Le Balze\",\"description\":\"TREMOSINE SUL GARDA\",\"publisher\":{\"@id\":\"https:\\\/\\\/www.hotellebalze.it\\\/de\\\/#organization\"},\"potentialAction\":[{\"@type\":\"SearchAction\",\"target\":{\"@type\":\"EntryPoint\",\"urlTemplate\":\"https:\\\/\\\/www.hotellebalze.it\\\/de\\\/?s={search_term_string}\"},\"query-input\":{\"@type\":\"PropertyValueSpecification\",\"valueRequired\":true,\"valueName\":\"search_term_string\"}}],\"inLanguage\":\"de\"},{\"@type\":\"Organization\",\"@id\":\"https:\\\/\\\/www.hotellebalze.it\\\/de\\\/#organization\",\"name\":\"Hotel Le Balze\",\"url\":\"https:\\\/\\\/www.hotellebalze.it\\\/de\\\/\",\"logo\":{\"@type\":\"ImageObject\",\"inLanguage\":\"de\",\"@id\":\"https:\\\/\\\/www.hotellebalze.it\\\/de\\\/#\\\/schema\\\/logo\\\/image\\\/\",\"url\":\"https:\\\/\\\/www.hotellebalze.it\\\/wp-content\\\/uploads\\\/2024\\\/03\\\/hotel-le-balze.png\",\"contentUrl\":\"https:\\\/\\\/www.hotellebalze.it\\\/wp-content\\\/uploads\\\/2024\\\/03\\\/hotel-le-balze.png\",\"width\":1200,\"height\":244,\"caption\":\"Hotel Le Balze\"},\"image\":{\"@id\":\"https:\\\/\\\/www.hotellebalze.it\\\/de\\\/#\\\/schema\\\/logo\\\/image\\\/\"}}]}<\/script>\n<!-- \/ Yoast SEO plugin. -->","yoast_head_json":{"title":"Hai vinto - Hotel Le Balze","robots":{"index":"index","follow":"follow","max-snippet":"max-snippet:-1","max-image-preview":"max-image-preview:large","max-video-preview":"max-video-preview:-1"},"canonical":"https:\/\/www.hotellebalze.it\/de\/hai-vinto\/","og_locale":"de_DE","og_type":"article","og_title":"Hai vinto - Hotel Le Balze","og_url":"https:\/\/www.hotellebalze.it\/de\/hai-vinto\/","og_site_name":"Hotel Le Balze","article_modified_time":"2026-04-09T12:39:57+00:00","twitter_card":"summary_large_image","twitter_misc":{"Gesch\u00e4tzte Lesezeit":"1\u00a0Minute"},"schema":{"@context":"https:\/\/schema.org","@graph":[{"@type":"WebPage","@id":"https:\/\/www.hotellebalze.it\/de\/hai-vinto\/","url":"https:\/\/www.hotellebalze.it\/de\/hai-vinto\/","name":"Hai vinto - Hotel Le Balze","isPartOf":{"@id":"https:\/\/www.hotellebalze.it\/de\/#website"},"datePublished":"2026-02-11T16:28:45+00:00","dateModified":"2026-04-09T12:39:57+00:00","inLanguage":"de","potentialAction":[{"@type":"ReadAction","target":["https:\/\/www.hotellebalze.it\/de\/hai-vinto\/"]}]},{"@type":"WebSite","@id":"https:\/\/www.hotellebalze.it\/de\/#website","url":"https:\/\/www.hotellebalze.it\/de\/","name":"Hotel Le Balze","description":"TREMOSINE SUL GARDA","publisher":{"@id":"https:\/\/www.hotellebalze.it\/de\/#organization"},"potentialAction":[{"@type":"SearchAction","target":{"@type":"EntryPoint","urlTemplate":"https:\/\/www.hotellebalze.it\/de\/?s={search_term_string}"},"query-input":{"@type":"PropertyValueSpecification","valueRequired":true,"valueName":"search_term_string"}}],"inLanguage":"de"},{"@type":"Organization","@id":"https:\/\/www.hotellebalze.it\/de\/#organization","name":"Hotel Le Balze","url":"https:\/\/www.hotellebalze.it\/de\/","logo":{"@type":"ImageObject","inLanguage":"de","@id":"https:\/\/www.hotellebalze.it\/de\/#\/schema\/logo\/image\/","url":"https:\/\/www.hotellebalze.it\/wp-content\/uploads\/2024\/03\/hotel-le-balze.png","contentUrl":"https:\/\/www.hotellebalze.it\/wp-content\/uploads\/2024\/03\/hotel-le-balze.png","width":1200,"height":244,"caption":"Hotel Le Balze"},"image":{"@id":"https:\/\/www.hotellebalze.it\/de\/#\/schema\/logo\/image\/"}}]}},"coauthors":[],"author_meta":{"author_link":"https:\/\/www.hotellebalze.it\/de\/author\/marcop-flcmakiop\/","display_name":"Marco Perinel"},"relative_dates":{"created":"Posted 3\u00a0Monaten ago","modified":"Updated 3\u00a0Wochen ago"},"absolute_dates":{"created":"Posted on 11. Februar 2026","modified":"Updated on 9. April 2026"},"absolute_dates_time":{"created":"Posted on 11. Februar 2026 17:28","modified":"Updated on 9. April 2026 14:39"},"featured_img_caption":"","featured_img":false,"series_order":"","_links":{"self":[{"href":"https:\/\/www.hotellebalze.it\/de\/wp-json\/wp\/v2\/pages\/14995","targetHints":{"allow":["GET"]}}],"collection":[{"href":"https:\/\/www.hotellebalze.it\/de\/wp-json\/wp\/v2\/pages"}],"about":[{"href":"https:\/\/www.hotellebalze.it\/de\/wp-json\/wp\/v2\/types\/page"}],"author":[{"embeddable":true,"href":"https:\/\/www.hotellebalze.it\/de\/wp-json\/wp\/v2\/users\/8"}],"replies":[{"embeddable":true,"href":"https:\/\/www.hotellebalze.it\/de\/wp-json\/wp\/v2\/comments?post=14995"}],"version-history":[{"count":6,"href":"https:\/\/www.hotellebalze.it\/de\/wp-json\/wp\/v2\/pages\/14995\/revisions"}],"predecessor-version":[{"id":15047,"href":"https:\/\/www.hotellebalze.it\/de\/wp-json\/wp\/v2\/pages\/14995\/revisions\/15047"}],"wp:attachment":[{"href":"https:\/\/www.hotellebalze.it\/de\/wp-json\/wp\/v2\/media?parent=14995"}],"curies":[{"name":"wp","href":"https:\/\/api.w.org\/{rel}","templated":true}]}}