{"id":14846,"date":"2026-03-23T17:18:33","date_gmt":"2026-03-23T16:18:33","guid":{"rendered":"https:\/\/www.hotellebalze.it\/test-booking-form-or\/"},"modified":"2026-03-24T17:04:04","modified_gmt":"2026-03-24T16:04:04","slug":"test-booking-form-or","status":"publish","type":"page","link":"https:\/\/www.hotellebalze.it\/de\/test-booking-form-or\/","title":{"rendered":"TEST BOOKING FORM OR"},"content":{"rendered":"","protected":false},"excerpt":{"rendered":"","protected":false},"author":8,"featured_media":0,"parent":0,"menu_order":0,"comment_status":"closed","ping_status":"closed","template":"","meta":{"_acf_changed":false,"advgb_blocks_editor_width":"","advgb_blocks_columns_visual_guide":"","footnotes":""},"class_list":["post-14846","page","type-page","status-publish","hentry"],"acf":[],"yoast_head":"<!-- This site is optimized with the Yoast SEO plugin v27.4 - https:\/\/yoast.com\/product\/yoast-seo-wordpress\/ -->\n<title>TEST BOOKING FORM OR - Hotel Le Balze<\/title>\n<meta name=\"robots\" content=\"index, follow, max-snippet:-1, max-image-preview:large, max-video-preview:-1\" \/>\n<link rel=\"canonical\" href=\"https:\/\/www.hotellebalze.it\/de\/test-booking-form-or\/\" \/>\n<meta property=\"og:locale\" content=\"de_DE\" \/>\n<meta property=\"og:type\" content=\"article\" \/>\n<meta property=\"og:title\" content=\"TEST BOOKING FORM OR - Hotel Le Balze\" \/>\n<meta property=\"og:url\" content=\"https:\/\/www.hotellebalze.it\/de\/test-booking-form-or\/\" \/>\n<meta property=\"og:site_name\" content=\"Hotel Le Balze\" \/>\n<meta property=\"article:modified_time\" content=\"2026-03-24T16:04:04+00:00\" \/>\n<meta name=\"twitter:card\" content=\"summary_large_image\" \/>\n<script type=\"application\/ld+json\" class=\"yoast-schema-graph\">{\"@context\":\"https:\\\/\\\/schema.org\",\"@graph\":[{\"@type\":\"WebPage\",\"@id\":\"https:\\\/\\\/www.hotellebalze.it\\\/de\\\/test-booking-form-or\\\/\",\"url\":\"https:\\\/\\\/www.hotellebalze.it\\\/de\\\/test-booking-form-or\\\/\",\"name\":\"TEST BOOKING FORM OR - Hotel Le Balze\",\"isPartOf\":{\"@id\":\"https:\\\/\\\/www.hotellebalze.it\\\/de\\\/#website\"},\"datePublished\":\"2026-03-23T16:18:33+00:00\",\"dateModified\":\"2026-03-24T16:04:04+00:00\",\"inLanguage\":\"de\",\"potentialAction\":[{\"@type\":\"ReadAction\",\"target\":[\"https:\\\/\\\/www.hotellebalze.it\\\/de\\\/test-booking-form-or\\\/\"]}]},{\"@type\":\"WebSite\",\"@id\":\"https:\\\/\\\/www.hotellebalze.it\\\/de\\\/#website\",\"url\":\"https:\\\/\\\/www.hotellebalze.it\\\/de\\\/\",\"name\":\"Hotel Le Balze\",\"description\":\"TREMOSINE SUL GARDA\",\"publisher\":{\"@id\":\"https:\\\/\\\/www.hotellebalze.it\\\/de\\\/#organization\"},\"potentialAction\":[{\"@type\":\"SearchAction\",\"target\":{\"@type\":\"EntryPoint\",\"urlTemplate\":\"https:\\\/\\\/www.hotellebalze.it\\\/de\\\/?s={search_term_string}\"},\"query-input\":{\"@type\":\"PropertyValueSpecification\",\"valueRequired\":true,\"valueName\":\"search_term_string\"}}],\"inLanguage\":\"de\"},{\"@type\":\"Organization\",\"@id\":\"https:\\\/\\\/www.hotellebalze.it\\\/de\\\/#organization\",\"name\":\"Hotel Le Balze\",\"url\":\"https:\\\/\\\/www.hotellebalze.it\\\/de\\\/\",\"logo\":{\"@type\":\"ImageObject\",\"inLanguage\":\"de\",\"@id\":\"https:\\\/\\\/www.hotellebalze.it\\\/de\\\/#\\\/schema\\\/logo\\\/image\\\/\",\"url\":\"https:\\\/\\\/www.hotellebalze.it\\\/wp-content\\\/uploads\\\/2024\\\/03\\\/hotel-le-balze.png\",\"contentUrl\":\"https:\\\/\\\/www.hotellebalze.it\\\/wp-content\\\/uploads\\\/2024\\\/03\\\/hotel-le-balze.png\",\"width\":1200,\"height\":244,\"caption\":\"Hotel Le Balze\"},\"image\":{\"@id\":\"https:\\\/\\\/www.hotellebalze.it\\\/de\\\/#\\\/schema\\\/logo\\\/image\\\/\"}}]}<\/script>\n<!-- \/ Yoast SEO plugin. -->","yoast_head_json":{"title":"TEST BOOKING FORM OR - Hotel Le Balze","robots":{"index":"index","follow":"follow","max-snippet":"max-snippet:-1","max-image-preview":"max-image-preview:large","max-video-preview":"max-video-preview:-1"},"canonical":"https:\/\/www.hotellebalze.it\/de\/test-booking-form-or\/","og_locale":"de_DE","og_type":"article","og_title":"TEST BOOKING FORM OR - Hotel Le Balze","og_url":"https:\/\/www.hotellebalze.it\/de\/test-booking-form-or\/","og_site_name":"Hotel Le Balze","article_modified_time":"2026-03-24T16:04:04+00:00","twitter_card":"summary_large_image","schema":{"@context":"https:\/\/schema.org","@graph":[{"@type":"WebPage","@id":"https:\/\/www.hotellebalze.it\/de\/test-booking-form-or\/","url":"https:\/\/www.hotellebalze.it\/de\/test-booking-form-or\/","name":"TEST BOOKING FORM OR - Hotel Le Balze","isPartOf":{"@id":"https:\/\/www.hotellebalze.it\/de\/#website"},"datePublished":"2026-03-23T16:18:33+00:00","dateModified":"2026-03-24T16:04:04+00:00","inLanguage":"de","potentialAction":[{"@type":"ReadAction","target":["https:\/\/www.hotellebalze.it\/de\/test-booking-form-or\/"]}]},{"@type":"WebSite","@id":"https:\/\/www.hotellebalze.it\/de\/#website","url":"https:\/\/www.hotellebalze.it\/de\/","name":"Hotel Le Balze","description":"TREMOSINE SUL GARDA","publisher":{"@id":"https:\/\/www.hotellebalze.it\/de\/#organization"},"potentialAction":[{"@type":"SearchAction","target":{"@type":"EntryPoint","urlTemplate":"https:\/\/www.hotellebalze.it\/de\/?s={search_term_string}"},"query-input":{"@type":"PropertyValueSpecification","valueRequired":true,"valueName":"search_term_string"}}],"inLanguage":"de"},{"@type":"Organization","@id":"https:\/\/www.hotellebalze.it\/de\/#organization","name":"Hotel Le Balze","url":"https:\/\/www.hotellebalze.it\/de\/","logo":{"@type":"ImageObject","inLanguage":"de","@id":"https:\/\/www.hotellebalze.it\/de\/#\/schema\/logo\/image\/","url":"https:\/\/www.hotellebalze.it\/wp-content\/uploads\/2024\/03\/hotel-le-balze.png","contentUrl":"https:\/\/www.hotellebalze.it\/wp-content\/uploads\/2024\/03\/hotel-le-balze.png","width":1200,"height":244,"caption":"Hotel Le Balze"},"image":{"@id":"https:\/\/www.hotellebalze.it\/de\/#\/schema\/logo\/image\/"}}]}},"coauthors":[],"author_meta":{"author_link":"https:\/\/www.hotellebalze.it\/de\/author\/marcop-flcmakiop\/","display_name":"Marco Perinel"},"relative_dates":{"created":"Posted 2\u00a0Monaten ago","modified":"Updated 2\u00a0Monaten ago"},"absolute_dates":{"created":"Posted on 23. M\u00e4rz 2026","modified":"Updated on 24. M\u00e4rz 2026"},"absolute_dates_time":{"created":"Posted on 23. M\u00e4rz 2026 17:18","modified":"Updated on 24. M\u00e4rz 2026 17:04"},"featured_img_caption":"","featured_img":false,"series_order":"","_links":{"self":[{"href":"https:\/\/www.hotellebalze.it\/de\/wp-json\/wp\/v2\/pages\/14846","targetHints":{"allow":["GET"]}}],"collection":[{"href":"https:\/\/www.hotellebalze.it\/de\/wp-json\/wp\/v2\/pages"}],"about":[{"href":"https:\/\/www.hotellebalze.it\/de\/wp-json\/wp\/v2\/types\/page"}],"author":[{"embeddable":true,"href":"https:\/\/www.hotellebalze.it\/de\/wp-json\/wp\/v2\/users\/8"}],"replies":[{"embeddable":true,"href":"https:\/\/www.hotellebalze.it\/de\/wp-json\/wp\/v2\/comments?post=14846"}],"version-history":[{"count":1,"href":"https:\/\/www.hotellebalze.it\/de\/wp-json\/wp\/v2\/pages\/14846\/revisions"}],"predecessor-version":[{"id":14848,"href":"https:\/\/www.hotellebalze.it\/de\/wp-json\/wp\/v2\/pages\/14846\/revisions\/14848"}],"wp:attachment":[{"href":"https:\/\/www.hotellebalze.it\/de\/wp-json\/wp\/v2\/media?parent=14846"}],"curies":[{"name":"wp","href":"https:\/\/api.w.org\/{rel}","templated":true}]}}